{"id":983,"date":"2024-07-09T10:12:09","date_gmt":"2024-07-09T08:12:09","guid":{"rendered":"https:\/\/arsarp.it\/fruttetocampochiaro\/?post_type=product&#038;p=983"},"modified":"2024-11-11T11:28:45","modified_gmt":"2024-11-11T10:28:45","slug":"bianca-disernia","status":"publish","type":"product","link":"https:\/\/arsarp.it\/fruttetocampochiaro\/frutteto\/meli\/bianca-disernia\/","title":{"rendered":"Bianca d&#8217;Isernia"},"content":{"rendered":"<p>Secondo Tanno (2014) la cultivar &#8220;<em>Bianca d&#8217;Isernia<\/em>&#8221; era presente nei dintorni d&#8217;Isernia, Colli al Volturno, Fol\u00ec del Sannio e Filignano. Era coltivata negli orti e nei filari dei campi o lungo i corsi d&#8217;acqua.<br \/>\nOggi giorno \u00e8 una cultivar di mela a forte rischio di estinzione.<br \/>\nQuello che chiamiamo frutto (pomo) nella realt\u00e0 \u00e8 un falso frutto, perch\u00e8 non si tratta di una trasformazione del solo ovario (come avviene nei frutti veri) ma anche di altre parti del fiore saldate assieme (ricettacolo, altre parti).<\/p>\n","protected":false},"excerpt":{"rendered":"<p><strong>Tanno M.<\/strong> (Arca Sannita). Frutti antichi del Molise. Pero, melo cotogno e sorbo. Sapori e valori da riscoprire. Palladino editore, 2014, pag. 203.<br \/>\n<strong>Bianco P.M., Forconi V., Guidi S.<\/strong> (Eds.) Frutti dimenticati e biodiversit\u00e0 recuperata. Il germoplasma frutticolo e viticolo delle agricolture tradizionali italiane. Casi studio: Molise, Friuli Venezia Giulia. ISPRA, Quaderni Natura e Biodiversit\u00e0, n. 6, 2014, p. 59.<\/p>\n","protected":false},"featured_media":1435,"comment_status":"open","ping_status":"closed","template":"","meta":{"_acf_changed":false},"product_brand":[],"product_cat":[19],"product_tag":[],"class_list":{"0":"post-983","1":"product","2":"type-product","3":"status-publish","4":"has-post-thumbnail","6":"product_cat-meli","8":"first","9":"instock","10":"shipping-taxable","11":"product-type-simple"},"acf":[],"_links":{"self":[{"href":"https:\/\/arsarp.it\/fruttetocampochiaro\/wp-json\/wp\/v2\/product\/983","targetHints":{"allow":["GET"]}}],"collection":[{"href":"https:\/\/arsarp.it\/fruttetocampochiaro\/wp-json\/wp\/v2\/product"}],"about":[{"href":"https:\/\/arsarp.it\/fruttetocampochiaro\/wp-json\/wp\/v2\/types\/product"}],"replies":[{"embeddable":true,"href":"https:\/\/arsarp.it\/fruttetocampochiaro\/wp-json\/wp\/v2\/comments?post=983"}],"wp:featuredmedia":[{"embeddable":true,"href":"https:\/\/arsarp.it\/fruttetocampochiaro\/wp-json\/wp\/v2\/media\/1435"}],"wp:attachment":[{"href":"https:\/\/arsarp.it\/fruttetocampochiaro\/wp-json\/wp\/v2\/media?parent=983"}],"wp:term":[{"taxonomy":"product_brand","embeddable":true,"href":"https:\/\/arsarp.it\/fruttetocampochiaro\/wp-json\/wp\/v2\/product_brand?post=983"},{"taxonomy":"product_cat","embeddable":true,"href":"https:\/\/arsarp.it\/fruttetocampochiaro\/wp-json\/wp\/v2\/product_cat?post=983"},{"taxonomy":"product_tag","embeddable":true,"href":"https:\/\/arsarp.it\/fruttetocampochiaro\/wp-json\/wp\/v2\/product_tag?post=983"}],"curies":[{"name":"wp","href":"https:\/\/api.w.org\/{rel}","templated":true}]}}