{"id":654,"date":"2024-07-04T09:36:13","date_gmt":"2024-07-04T07:36:13","guid":{"rendered":"https:\/\/arsarp.it\/fruttetocampochiaro\/?post_type=product&#038;p=654"},"modified":"2024-11-11T11:40:16","modified_gmt":"2024-11-11T10:40:16","slug":"pero-cotogno","status":"publish","type":"product","link":"https:\/\/arsarp.it\/fruttetocampochiaro\/frutteto\/cotogni\/pero-cotogno\/","title":{"rendered":"Pero cotogno"},"content":{"rendered":"<p>La cultivar &#8221; <em>Pero cotogno<\/em>&#8220;, sottospecie piriforme e corrispondente al tipo <em>Champion<\/em>, \u00e8 originaria dell&#8217;Asia. In passato, il <em>Pero cotogno<\/em> \u00e8 stato introdotto dai portoghesi e in Molise, noto con il nome pirecutugne, era presente in forma sparsa (Tanno, 2014).<br \/>\nIl cotogno \u00e8 tra le prime specie ad essere state addomesticate dall&#8217;uomo, coltivata duemila anni fa nei Giardini pensili di Babilonia e in seguito diffusa in Grecia, poich\u00e8 il frutto era considerato sacro ad Afrodite e simbolo di felicit\u00e0, amore e fecondit\u00e0. Attualmente questa cultvar \u00e8 quasi scomparsa.<br \/>\nQuello che chiamiamo frutto (pomo) nella realt\u00e0 \u00e8 un falso frutto, perch\u00e9 non si tratta di una trasformazione del solo ovario (come avviene nei frutti veri) ma anche di altre parti del fiore saldate assieme (ricettacolo, altre parti).<br \/>\nLa peculiarit\u00e0 che li contraddistingue da ogni altro pomo \u00e8 la presenza di peluria sui frutti e sulle foglie.<\/p>\n","protected":false},"excerpt":{"rendered":"<p><strong>Tanno M.<\/strong> (Arca Sannita). Frutti antichi del Molise. Pero, melo cotogno e sorbo. Sapori e valori da riscoprire. Palladino editore, 2014, pag. 108-113, 197.<\/p>\n","protected":false},"featured_media":1088,"comment_status":"open","ping_status":"closed","template":"","meta":{"_acf_changed":false},"product_brand":[],"product_cat":[15],"product_tag":[],"class_list":{"0":"post-654","1":"product","2":"type-product","3":"status-publish","4":"has-post-thumbnail","6":"product_cat-cotogni","8":"first","9":"instock","10":"shipping-taxable","11":"product-type-simple"},"acf":[],"_links":{"self":[{"href":"https:\/\/arsarp.it\/fruttetocampochiaro\/wp-json\/wp\/v2\/product\/654","targetHints":{"allow":["GET"]}}],"collection":[{"href":"https:\/\/arsarp.it\/fruttetocampochiaro\/wp-json\/wp\/v2\/product"}],"about":[{"href":"https:\/\/arsarp.it\/fruttetocampochiaro\/wp-json\/wp\/v2\/types\/product"}],"replies":[{"embeddable":true,"href":"https:\/\/arsarp.it\/fruttetocampochiaro\/wp-json\/wp\/v2\/comments?post=654"}],"wp:featuredmedia":[{"embeddable":true,"href":"https:\/\/arsarp.it\/fruttetocampochiaro\/wp-json\/wp\/v2\/media\/1088"}],"wp:attachment":[{"href":"https:\/\/arsarp.it\/fruttetocampochiaro\/wp-json\/wp\/v2\/media?parent=654"}],"wp:term":[{"taxonomy":"product_brand","embeddable":true,"href":"https:\/\/arsarp.it\/fruttetocampochiaro\/wp-json\/wp\/v2\/product_brand?post=654"},{"taxonomy":"product_cat","embeddable":true,"href":"https:\/\/arsarp.it\/fruttetocampochiaro\/wp-json\/wp\/v2\/product_cat?post=654"},{"taxonomy":"product_tag","embeddable":true,"href":"https:\/\/arsarp.it\/fruttetocampochiaro\/wp-json\/wp\/v2\/product_tag?post=654"}],"curies":[{"name":"wp","href":"https:\/\/api.w.org\/{rel}","templated":true}]}}