{"id":1291,"date":"2024-07-15T06:55:30","date_gmt":"2024-07-15T04:55:30","guid":{"rendered":"https:\/\/arsarp.it\/fruttetocampochiaro\/?post_type=product&#038;p=1291"},"modified":"2024-10-30T11:04:11","modified_gmt":"2024-10-30T10:04:11","slug":"zingara","status":"publish","type":"product","link":"https:\/\/arsarp.it\/fruttetocampochiaro\/frutteto\/peri\/zingara\/","title":{"rendered":"Zingara"},"content":{"rendered":"<p>La cultivar &#8220;<em>Zingara<\/em>&#8221; \u00e8 un&#8217;antica cultivar molisana differenziatasi per alcuni caratteri dalla variet\u00e0 Volpina, probabilmente indigena dell&#8217;Appennino, da cui discende (Tanno, 2014) e probabilmente chiamata anche Zingaro di Campobasso (Fideghelli, 2016).<br \/>\nQuesta cultivar era presente a Campobasso, Ferrazzano, Mirabello, Cercemaggiore, San Giuliano di Puglia e Cercepiccola. Attualmente \u00e8 monto rara (Tanno, 2014).<br \/>\nQuello che chiamiamo frutto (pomo) nella realt\u00e0 \u00e8 un falso frutto, perch\u00e8 non si tratta di una trasformazione del solo ovario (come avviene nei frutti veri) ma anche di altre parti del fiore saldate assieme (ricettacolo, altre parti).<\/p>\n","protected":false},"excerpt":{"rendered":"<p><strong>Tanno M.<\/strong> (Arca Sannita). Frutti antichi del Molise. Pero, melo cotogno e sorbo. Sapori e valori da riscoprire. Palladino editore, 2014, pag. 323.<br \/>\n<strong>Fideghelli C.<\/strong> Atlante dei fruttiferi autoctoni italiani. Crea\u2014Centro di frutticoltura: Roma, Italy, 2016, pag. 1422.<\/p>\n","protected":false},"featured_media":1444,"comment_status":"open","ping_status":"closed","template":"","meta":{"_acf_changed":false},"product_brand":[],"product_cat":[20],"product_tag":[],"class_list":{"0":"post-1291","1":"product","2":"type-product","3":"status-publish","4":"has-post-thumbnail","6":"product_cat-peri","8":"first","9":"instock","10":"shipping-taxable","11":"product-type-simple"},"acf":[],"_links":{"self":[{"href":"https:\/\/arsarp.it\/fruttetocampochiaro\/wp-json\/wp\/v2\/product\/1291","targetHints":{"allow":["GET"]}}],"collection":[{"href":"https:\/\/arsarp.it\/fruttetocampochiaro\/wp-json\/wp\/v2\/product"}],"about":[{"href":"https:\/\/arsarp.it\/fruttetocampochiaro\/wp-json\/wp\/v2\/types\/product"}],"replies":[{"embeddable":true,"href":"https:\/\/arsarp.it\/fruttetocampochiaro\/wp-json\/wp\/v2\/comments?post=1291"}],"wp:featuredmedia":[{"embeddable":true,"href":"https:\/\/arsarp.it\/fruttetocampochiaro\/wp-json\/wp\/v2\/media\/1444"}],"wp:attachment":[{"href":"https:\/\/arsarp.it\/fruttetocampochiaro\/wp-json\/wp\/v2\/media?parent=1291"}],"wp:term":[{"taxonomy":"product_brand","embeddable":true,"href":"https:\/\/arsarp.it\/fruttetocampochiaro\/wp-json\/wp\/v2\/product_brand?post=1291"},{"taxonomy":"product_cat","embeddable":true,"href":"https:\/\/arsarp.it\/fruttetocampochiaro\/wp-json\/wp\/v2\/product_cat?post=1291"},{"taxonomy":"product_tag","embeddable":true,"href":"https:\/\/arsarp.it\/fruttetocampochiaro\/wp-json\/wp\/v2\/product_tag?post=1291"}],"curies":[{"name":"wp","href":"https:\/\/api.w.org\/{rel}","templated":true}]}}