{"id":1283,"date":"2024-07-15T06:30:34","date_gmt":"2024-07-15T04:30:34","guid":{"rendered":"https:\/\/arsarp.it\/fruttetocampochiaro\/?post_type=product&#038;p=1283"},"modified":"2024-11-09T18:53:23","modified_gmt":"2024-11-09T17:53:23","slug":"trentonze-invernale","status":"publish","type":"product","link":"https:\/\/arsarp.it\/fruttetocampochiaro\/frutteto\/peri\/trentonze-invernale\/","title":{"rendered":"Trentonze invernale"},"content":{"rendered":"<p>La cultivar &#8220;<em>Trentonze estiva<\/em>&#8220;, presumibilmente chiamata anche <em>Trentonze<\/em> (Bianco et al. 2014) e <em>Trent\u2019once estiva<\/em> (Fideghelli, 2016), \u00e8 stata citata per la prima volta da Filippo Re (1815).<br \/>\nSecondo M. Torcia il frutto della <em>Trentonze estiva<\/em> era chiamato dagli antichi decumane e trilibri pera a rotolo, legato probabilmente al peso del frutto che poteva raggiungere quasi un rotolo (unit\u00e0 di peso del Regno di Napoli).<br \/>\nQuesta cultivar era presente soprattutto sul versante adriatico dell&#8217;Appennino e nelle aree del Matese, tra cui Cercemaggiore, San Giuliano, Sepino, Campochiaro, Roccamandolfi, San Massimo e zone limitrofe. Attualmente \u00e8 in via di estinzione (Tanno, 2014).<br \/>\nQuello che chiamiamo frutto (pomo) nella realt\u00e0 \u00e8 un falso frutto, perch\u00e9 non si tratta di una trasformazione del solo ovario (come avviene nei frutti veri) ma anche di altre parti del fiore saldate assieme (ricettacolo, altre parti).<\/p>\n","protected":false},"excerpt":{"rendered":"<p><strong>Tanno M.<\/strong> (Arca Sannita). Frutti antichi del Molise. Pero, melo cotogno e sorbo. Sapori e valori da riscoprire. Palladino editore, 2014, pag. 86-88, 319.<br \/>\n<strong>Bianco P.M., Forconi V., Guidi S.<\/strong> (Eds.) Frutti dimenticati e biodiversit\u00e0 recuperata. Il germoplasma frutticolo e viticolo delle agricolture tradizionali italiane. Casi studio: Molise, Friuli Venezia Giulia. ISPRA, Quaderni Natura e Biodiversit\u00e0, n. 6, 2014, p. 79.<br \/>\n<strong>Fideghelli C.<\/strong> Atlante dei fruttiferi autoctoni italiani. Crea\u2014Centro di frutticoltura: Roma, Italy, 2016, pag. 1363.<\/p>\n","protected":false},"featured_media":1451,"comment_status":"open","ping_status":"closed","template":"","meta":{"_acf_changed":false},"product_brand":[],"product_cat":[20],"product_tag":[],"class_list":{"0":"post-1283","1":"product","2":"type-product","3":"status-publish","4":"has-post-thumbnail","6":"product_cat-peri","8":"first","9":"instock","10":"shipping-taxable","11":"product-type-simple"},"acf":[],"_links":{"self":[{"href":"https:\/\/arsarp.it\/fruttetocampochiaro\/wp-json\/wp\/v2\/product\/1283","targetHints":{"allow":["GET"]}}],"collection":[{"href":"https:\/\/arsarp.it\/fruttetocampochiaro\/wp-json\/wp\/v2\/product"}],"about":[{"href":"https:\/\/arsarp.it\/fruttetocampochiaro\/wp-json\/wp\/v2\/types\/product"}],"replies":[{"embeddable":true,"href":"https:\/\/arsarp.it\/fruttetocampochiaro\/wp-json\/wp\/v2\/comments?post=1283"}],"wp:featuredmedia":[{"embeddable":true,"href":"https:\/\/arsarp.it\/fruttetocampochiaro\/wp-json\/wp\/v2\/media\/1451"}],"wp:attachment":[{"href":"https:\/\/arsarp.it\/fruttetocampochiaro\/wp-json\/wp\/v2\/media?parent=1283"}],"wp:term":[{"taxonomy":"product_brand","embeddable":true,"href":"https:\/\/arsarp.it\/fruttetocampochiaro\/wp-json\/wp\/v2\/product_brand?post=1283"},{"taxonomy":"product_cat","embeddable":true,"href":"https:\/\/arsarp.it\/fruttetocampochiaro\/wp-json\/wp\/v2\/product_cat?post=1283"},{"taxonomy":"product_tag","embeddable":true,"href":"https:\/\/arsarp.it\/fruttetocampochiaro\/wp-json\/wp\/v2\/product_tag?post=1283"}],"curies":[{"name":"wp","href":"https:\/\/api.w.org\/{rel}","templated":true}]}}