{"id":1278,"date":"2024-07-15T06:19:22","date_gmt":"2024-07-15T04:19:22","guid":{"rendered":"https:\/\/arsarp.it\/fruttetocampochiaro\/?post_type=product&#038;p=1278"},"modified":"2024-11-11T11:32:04","modified_gmt":"2024-11-11T10:32:04","slug":"spina-dinverno","status":"publish","type":"product","link":"https:\/\/arsarp.it\/fruttetocampochiaro\/frutteto\/peri\/spina-dinverno\/","title":{"rendered":"Spina d&#8217;Inverno"},"content":{"rendered":"<p>La cultivar &#8220;<em>Spina d&#8217;inverno<\/em>&#8221; \u00e8 stata menzionata da A. Gallo (1575) e successivamente da Gallesio e Leroy. L&#8217;origine di questa cultivar \u00e8 incerta. Secondo Gallesio sarebbe da identificarsi con la <em>pera Picena<\/em> dei Romani, invece, secondo Leroy era originaria della zona di Carpi (Modena).<br \/>\nLa maggiore produzione di questa cultivar erano la provincia di Campobasso e dell&#8217;Aquila, molto ricercata nei mercati locali (Tanno, 2014).<br \/>\nPossiamo ipotizzare che questa cultivar possa essere rincondotta, per somiglianza di alcuni caratteri morfologici, alla cultivar Spinacarpi assumendo diverse denominazioni: <em>Coccia d\u2019asino, Duchessa di Montebello, Papale d\u2019inverno, Pera Passana, Pero di Verona, Pero Duro, Spina Carpi, Spinacarpi d\u2019Inverno, Succotta d\u2019Inverno, Trentisso, Trentossi, Trentosso, Zuccotta d\u2019Inverno<\/em> (Fideghelli, 2016).<br \/>\nAttualmente \u00e8 possibile trovarla negli orti o ai margini delle case di campagna (Tanno, 2014).<br \/>\nQuello che chiamiamo frutto (pomo) nella realt\u00e0 \u00e8 un falso frutto, perch\u00e9 non si tratta di una trasformazione del solo ovario (come avviene nei frutti veri) ma anche di altre parti del fiore saldate assieme (ricettacolo, altre parti).<\/p>\n","protected":false},"excerpt":{"rendered":"<p><strong>Tanno M.<\/strong> (Arca Sannita). Frutti antichi del Molise. Pero, melo cotogno e sorbo. Sapori e valori da riscoprire. Palladino editore, 2014, pag. 83-85, 315.<br \/>\n<strong>Fideghelli C.<\/strong> Atlante dei fruttiferi autoctoni italiani. Crea\u2014Centro di frutticoltura: Roma, Italy, 2016, pag. 1360.<\/p>\n","protected":false},"featured_media":1458,"comment_status":"open","ping_status":"closed","template":"","meta":{"_acf_changed":false},"product_brand":[],"product_cat":[20],"product_tag":[],"class_list":{"0":"post-1278","1":"product","2":"type-product","3":"status-publish","4":"has-post-thumbnail","6":"product_cat-peri","8":"first","9":"instock","10":"shipping-taxable","11":"product-type-simple"},"acf":[],"_links":{"self":[{"href":"https:\/\/arsarp.it\/fruttetocampochiaro\/wp-json\/wp\/v2\/product\/1278","targetHints":{"allow":["GET"]}}],"collection":[{"href":"https:\/\/arsarp.it\/fruttetocampochiaro\/wp-json\/wp\/v2\/product"}],"about":[{"href":"https:\/\/arsarp.it\/fruttetocampochiaro\/wp-json\/wp\/v2\/types\/product"}],"replies":[{"embeddable":true,"href":"https:\/\/arsarp.it\/fruttetocampochiaro\/wp-json\/wp\/v2\/comments?post=1278"}],"wp:featuredmedia":[{"embeddable":true,"href":"https:\/\/arsarp.it\/fruttetocampochiaro\/wp-json\/wp\/v2\/media\/1458"}],"wp:attachment":[{"href":"https:\/\/arsarp.it\/fruttetocampochiaro\/wp-json\/wp\/v2\/media?parent=1278"}],"wp:term":[{"taxonomy":"product_brand","embeddable":true,"href":"https:\/\/arsarp.it\/fruttetocampochiaro\/wp-json\/wp\/v2\/product_brand?post=1278"},{"taxonomy":"product_cat","embeddable":true,"href":"https:\/\/arsarp.it\/fruttetocampochiaro\/wp-json\/wp\/v2\/product_cat?post=1278"},{"taxonomy":"product_tag","embeddable":true,"href":"https:\/\/arsarp.it\/fruttetocampochiaro\/wp-json\/wp\/v2\/product_tag?post=1278"}],"curies":[{"name":"wp","href":"https:\/\/api.w.org\/{rel}","templated":true}]}}