{"id":1270,"date":"2024-07-15T06:01:11","date_gmt":"2024-07-15T04:01:11","guid":{"rendered":"https:\/\/arsarp.it\/fruttetocampochiaro\/?post_type=product&#038;p=1270"},"modified":"2024-11-11T12:00:35","modified_gmt":"2024-11-11T11:00:35","slug":"spadone-dinverno","status":"publish","type":"product","link":"https:\/\/arsarp.it\/fruttetocampochiaro\/frutteto\/peri\/spadone-dinverno\/","title":{"rendered":"Spadone d&#8217;inverno"},"content":{"rendered":"<p>La cultivar &#8220;<em>Spadone d&#8217;inverno<\/em>&#8220;, di origine incerta, \u00e8 un&#8217;antica cultivar invernale. Questa cultivar \u00e8 stata elevata, da P. Odorizzi, ad emblema dell&#8217;Associazione Spadona, da lui stesso fondata, e dopo lunghe ricerche storiche e geografiche sulla sua origine \u00e8 riuscito ad affermare che la <em>Spadone d&#8217;inverno<\/em> si differenzia dalla <em>pera<\/em> <em>Curato<\/em>. Il nome di questa cultivar \u00e8 legato alla somiglianza con la pera <em>Spadone d&#8217;estate<\/em> ed era presente in gran parte del territorio molisano, specialmente nei territori dell\u2019alto Molise: Roccasicura, Carovilli e Pescolanciano (Bianco et al. 2014). Attualmente ne esistono pochi esemplari (Tanno, 2014).<br \/>\nQuello che chiamiamo frutto (pomo) nella realt\u00e0 \u00e8 un falso frutto, perch\u00e9 non si tratta di una trasformazione del solo ovario (come avviene nei frutti veri) ma anche di altre parti del fiore saldate assieme (ricettacolo, altre parti).<\/p>\n","protected":false},"excerpt":{"rendered":"<p><strong>Tanno M.<\/strong> (Arca Sannita). Frutti antichi del Molise. Pero, melo cotogno e sorbo. Sapori e valori da riscoprire. Palladino editore, 2014, pag. 77-82, 313.<br \/>\n<strong>Bianco P.M., Forconi V., Guidi S.<\/strong> (Eds.) Frutti dimenticati e biodiversit\u00e0 recuperata. Il germoplasma frutticolo e viticolo delle agricolture tradizionali italiane. Casi studio: Molise, Friuli Venezia Giulia. ISPRA, Quaderni Natura e Biodiversit\u00e0, n. 6, 2014, p. 77.<\/p>\n","protected":false},"featured_media":1505,"comment_status":"open","ping_status":"closed","template":"","meta":{"_acf_changed":false},"product_brand":[],"product_cat":[20],"product_tag":[],"class_list":{"0":"post-1270","1":"product","2":"type-product","3":"status-publish","4":"has-post-thumbnail","6":"product_cat-peri","8":"first","9":"instock","10":"shipping-taxable","11":"product-type-simple"},"acf":[],"_links":{"self":[{"href":"https:\/\/arsarp.it\/fruttetocampochiaro\/wp-json\/wp\/v2\/product\/1270","targetHints":{"allow":["GET"]}}],"collection":[{"href":"https:\/\/arsarp.it\/fruttetocampochiaro\/wp-json\/wp\/v2\/product"}],"about":[{"href":"https:\/\/arsarp.it\/fruttetocampochiaro\/wp-json\/wp\/v2\/types\/product"}],"replies":[{"embeddable":true,"href":"https:\/\/arsarp.it\/fruttetocampochiaro\/wp-json\/wp\/v2\/comments?post=1270"}],"wp:featuredmedia":[{"embeddable":true,"href":"https:\/\/arsarp.it\/fruttetocampochiaro\/wp-json\/wp\/v2\/media\/1505"}],"wp:attachment":[{"href":"https:\/\/arsarp.it\/fruttetocampochiaro\/wp-json\/wp\/v2\/media?parent=1270"}],"wp:term":[{"taxonomy":"product_brand","embeddable":true,"href":"https:\/\/arsarp.it\/fruttetocampochiaro\/wp-json\/wp\/v2\/product_brand?post=1270"},{"taxonomy":"product_cat","embeddable":true,"href":"https:\/\/arsarp.it\/fruttetocampochiaro\/wp-json\/wp\/v2\/product_cat?post=1270"},{"taxonomy":"product_tag","embeddable":true,"href":"https:\/\/arsarp.it\/fruttetocampochiaro\/wp-json\/wp\/v2\/product_tag?post=1270"}],"curies":[{"name":"wp","href":"https:\/\/api.w.org\/{rel}","templated":true}]}}