{"id":1221,"date":"2024-07-11T17:46:46","date_gmt":"2024-07-11T15:46:46","guid":{"rendered":"https:\/\/arsarp.it\/fruttetocampochiaro\/?post_type=product&#038;p=1221"},"modified":"2024-11-09T19:58:17","modified_gmt":"2024-11-09T18:58:17","slug":"muscarelle-estiva","status":"publish","type":"product","link":"https:\/\/arsarp.it\/fruttetocampochiaro\/frutteto\/peri\/muscarelle-estiva\/","title":{"rendered":"Muscarelle estiva"},"content":{"rendered":"<p>La cultivar &#8220;<em>Muscarelle estiva<\/em>&#8221; o &#8220;<em>Muscarelle<\/em>&#8220;, citata da Giampaolo con il nome di Piccola moscada, era presente, anche se raramente, in alcune localit\u00e0 collinari interne del Molise (Tanno, 2014).<br \/>\nPossiamo ipotizzare che questa cultivar possa essere rincondotta, per somiglianza di alcuni caratteri morfologici, alla cultivar <em>Moscatelle<\/em>, la quale assume diverse denominazioni in base al luogo in cui viene rinvenuta: Basilicata (<em>Mirizzone, Muscadedda, Muscarell, Moscatellona, Muscatellone<\/em>), Calabria (<em>Moscarella, Moscaredi<\/em>), Lazio (<em>Moscarola<\/em>), Lombardia (<em>Moscadellina, Moscatellina<\/em>), Puglia (<em>Muscatiddone<\/em>) Sardegna (<em>Moscadeddu, Moscatella<\/em>), Sicilia (<em>Moscatella, Moscatello<\/em>), Toscana (<em>Giugnolina<\/em>), Valle d\u2019Aosta (<em>Moscatelet, Muscat, Muscatelle, Muscatelen<\/em>), Veneto (<em>Moscatella, Moscatello, Moscaton, Muscatlon<\/em>; Fideghelli, 2016). Questa cultivar era generalmente rinvenuta negli orti e giardini di casa. Attualmente rischia l&#8217;estinzione (Tanno, 2014).<br \/>\nQuello che chiamiamo frutto (pomo) nella realt\u00e0 \u00e8 un falso frutto, perch\u00e9 non si tratta di una trasformazione del solo ovario (come avviene nei frutti veri) ma anche di altre parti del fiore saldate assieme (ricettacolo, altre parti).<\/p>\n","protected":false},"excerpt":{"rendered":"<p><strong>Tanno M.<\/strong> (Arca Sannita). Frutti antichi del Molise. Pero, melo cotogno e sorbo. Sapori e valori da riscoprire. Palladino editore, 2014, pag. 292.<br \/>\n<strong>Bianco P.M., Forconi V., Guidi S.<\/strong> (Eds.) Frutti dimenticati e biodiversit\u00e0 recuperata. Il germoplasma frutticolo e viticolo delle agricolture tradizionali italiane. Casi studio: Molise, Friuli Venezia Giulia. ISPRA, Quaderni Natura e Biodiversit\u00e0, n. 6, 2014, p. 74.<br \/>\n<strong>Fideghelli C.<\/strong> Atlante dei fruttiferi autoctoni italiani. Crea\u2014Centro di frutticoltura: Roma, Italy, 2016, Vol.III, pag. 1339.<\/p>\n","protected":false},"featured_media":1830,"comment_status":"open","ping_status":"closed","template":"","meta":{"_acf_changed":false},"product_brand":[],"product_cat":[20],"product_tag":[],"class_list":{"0":"post-1221","1":"product","2":"type-product","3":"status-publish","4":"has-post-thumbnail","6":"product_cat-peri","8":"first","9":"instock","10":"shipping-taxable","11":"product-type-simple"},"acf":[],"_links":{"self":[{"href":"https:\/\/arsarp.it\/fruttetocampochiaro\/wp-json\/wp\/v2\/product\/1221","targetHints":{"allow":["GET"]}}],"collection":[{"href":"https:\/\/arsarp.it\/fruttetocampochiaro\/wp-json\/wp\/v2\/product"}],"about":[{"href":"https:\/\/arsarp.it\/fruttetocampochiaro\/wp-json\/wp\/v2\/types\/product"}],"replies":[{"embeddable":true,"href":"https:\/\/arsarp.it\/fruttetocampochiaro\/wp-json\/wp\/v2\/comments?post=1221"}],"wp:featuredmedia":[{"embeddable":true,"href":"https:\/\/arsarp.it\/fruttetocampochiaro\/wp-json\/wp\/v2\/media\/1830"}],"wp:attachment":[{"href":"https:\/\/arsarp.it\/fruttetocampochiaro\/wp-json\/wp\/v2\/media?parent=1221"}],"wp:term":[{"taxonomy":"product_brand","embeddable":true,"href":"https:\/\/arsarp.it\/fruttetocampochiaro\/wp-json\/wp\/v2\/product_brand?post=1221"},{"taxonomy":"product_cat","embeddable":true,"href":"https:\/\/arsarp.it\/fruttetocampochiaro\/wp-json\/wp\/v2\/product_cat?post=1221"},{"taxonomy":"product_tag","embeddable":true,"href":"https:\/\/arsarp.it\/fruttetocampochiaro\/wp-json\/wp\/v2\/product_tag?post=1221"}],"curies":[{"name":"wp","href":"https:\/\/api.w.org\/{rel}","templated":true}]}}