{"id":1191,"date":"2024-07-10T10:38:32","date_gmt":"2024-07-10T08:38:32","guid":{"rendered":"https:\/\/arsarp.it\/fruttetocampochiaro\/?post_type=product&#038;p=1191"},"modified":"2024-10-30T11:55:45","modified_gmt":"2024-10-30T10:55:45","slug":"cucucciare","status":"publish","type":"product","link":"https:\/\/arsarp.it\/fruttetocampochiaro\/frutteto\/peri\/cucucciare\/","title":{"rendered":"Cucucciare"},"content":{"rendered":"<p>La cultivar &#8220;<em>Cucucciare<\/em>&#8221; originaria di Bojano \u00e8 ancora oggi presente in alcune localit\u00e0 del massiccio del Matese e dei monti circostanti, tra cui Roccamandolfi, San Lupo, Macchiagodena, Frosolone, San Polo e altre localit\u00e0 (Tanno, 2014).<br \/>\nQuello che chiamiamo frutto (pomo) nella realt\u00e0 \u00e8 un falso frutto, perch\u00e9 non si tratta di una trasformazione del solo ovario (come avviene nei frutti veri) ma anche di altre parti del fiore saldate assieme (ricettacolo, altre parti).<\/p>\n","protected":false},"excerpt":{"rendered":"<p><strong>Tanno M.<\/strong> (Arca Sannita). Frutti antichi del Molise. Pero, melo cotogno e sorbo. Sapori e valori da riscoprire. Palladino editore, 2014, pag. 280.<\/p>\n","protected":false},"featured_media":1537,"comment_status":"open","ping_status":"closed","template":"","meta":{"_acf_changed":false},"product_brand":[],"product_cat":[20],"product_tag":[],"class_list":{"0":"post-1191","1":"product","2":"type-product","3":"status-publish","4":"has-post-thumbnail","6":"product_cat-peri","8":"first","9":"instock","10":"shipping-taxable","11":"product-type-simple"},"acf":[],"_links":{"self":[{"href":"https:\/\/arsarp.it\/fruttetocampochiaro\/wp-json\/wp\/v2\/product\/1191","targetHints":{"allow":["GET"]}}],"collection":[{"href":"https:\/\/arsarp.it\/fruttetocampochiaro\/wp-json\/wp\/v2\/product"}],"about":[{"href":"https:\/\/arsarp.it\/fruttetocampochiaro\/wp-json\/wp\/v2\/types\/product"}],"replies":[{"embeddable":true,"href":"https:\/\/arsarp.it\/fruttetocampochiaro\/wp-json\/wp\/v2\/comments?post=1191"}],"wp:featuredmedia":[{"embeddable":true,"href":"https:\/\/arsarp.it\/fruttetocampochiaro\/wp-json\/wp\/v2\/media\/1537"}],"wp:attachment":[{"href":"https:\/\/arsarp.it\/fruttetocampochiaro\/wp-json\/wp\/v2\/media?parent=1191"}],"wp:term":[{"taxonomy":"product_brand","embeddable":true,"href":"https:\/\/arsarp.it\/fruttetocampochiaro\/wp-json\/wp\/v2\/product_brand?post=1191"},{"taxonomy":"product_cat","embeddable":true,"href":"https:\/\/arsarp.it\/fruttetocampochiaro\/wp-json\/wp\/v2\/product_cat?post=1191"},{"taxonomy":"product_tag","embeddable":true,"href":"https:\/\/arsarp.it\/fruttetocampochiaro\/wp-json\/wp\/v2\/product_tag?post=1191"}],"curies":[{"name":"wp","href":"https:\/\/api.w.org\/{rel}","templated":true}]}}