{"id":1177,"date":"2024-07-10T10:10:01","date_gmt":"2024-07-10T08:10:01","guid":{"rendered":"https:\/\/arsarp.it\/fruttetocampochiaro\/?post_type=product&#038;p=1177"},"modified":"2024-11-09T17:17:33","modified_gmt":"2024-11-09T16:17:33","slug":"cannella","status":"publish","type":"product","link":"https:\/\/arsarp.it\/fruttetocampochiaro\/frutteto\/peri\/cannella\/","title":{"rendered":"Cannella"},"content":{"rendered":"<p>La cultivar &#8220;<em>Cannella<\/em>&#8220;, il cui nome deriva dal suo lieve retrogusto di cannella, era presente in varie zone del Molise orientale e centrale, in particolare a Bonefro, Colletorto, Montelongo, Montorio, Larino e Casacalenda (Tanno, 2014).<br \/>\nQuesta cultivar, conosciuta anche con i nomi di A Cannedd e Odorante, era coltivata anche in Puglia, nelle province di Bari, Brindisi, Taranto e Lecce, in Abruzzo, in Campania, nel Lazio<br \/>\ne in Umbria (Fideghelli, 2016). Attualmente esistono pochi esemplari rivenuti nel comune di Bonefro (Tanno, 2014).<br \/>\nQuello che chiamiamo frutto (pomo) nella realt\u00e0 \u00e8 un falso frutto, perch\u00e9 non si tratta di una trasformazione del solo ovario (come avviene nei frutti veri) ma anche di altre parti del fiore saldate assieme (ricettacolo, altre parti).<\/p>\n","protected":false},"excerpt":{"rendered":"<p><strong>Tanno M.<\/strong> (Arca Sannita). Frutti antichi del Molise. Pero, melo cotogno e sorbo. Sapori e valori da riscoprire. Palladino editore, 2014, pag. 274.<br \/>\n<strong>Fideghelli C.<\/strong> Atlante dei fruttiferi autoctoni italiani. Crea\u2014Centro di frutticoltura: Roma, Italy, 2016, Vol.III, pag. 1317.<\/p>\n","protected":false},"featured_media":1421,"comment_status":"open","ping_status":"closed","template":"","meta":{"_acf_changed":false},"product_brand":[],"product_cat":[20],"product_tag":[],"class_list":{"0":"post-1177","1":"product","2":"type-product","3":"status-publish","4":"has-post-thumbnail","6":"product_cat-peri","8":"first","9":"instock","10":"shipping-taxable","11":"product-type-simple"},"acf":[],"_links":{"self":[{"href":"https:\/\/arsarp.it\/fruttetocampochiaro\/wp-json\/wp\/v2\/product\/1177","targetHints":{"allow":["GET"]}}],"collection":[{"href":"https:\/\/arsarp.it\/fruttetocampochiaro\/wp-json\/wp\/v2\/product"}],"about":[{"href":"https:\/\/arsarp.it\/fruttetocampochiaro\/wp-json\/wp\/v2\/types\/product"}],"replies":[{"embeddable":true,"href":"https:\/\/arsarp.it\/fruttetocampochiaro\/wp-json\/wp\/v2\/comments?post=1177"}],"wp:featuredmedia":[{"embeddable":true,"href":"https:\/\/arsarp.it\/fruttetocampochiaro\/wp-json\/wp\/v2\/media\/1421"}],"wp:attachment":[{"href":"https:\/\/arsarp.it\/fruttetocampochiaro\/wp-json\/wp\/v2\/media?parent=1177"}],"wp:term":[{"taxonomy":"product_brand","embeddable":true,"href":"https:\/\/arsarp.it\/fruttetocampochiaro\/wp-json\/wp\/v2\/product_brand?post=1177"},{"taxonomy":"product_cat","embeddable":true,"href":"https:\/\/arsarp.it\/fruttetocampochiaro\/wp-json\/wp\/v2\/product_cat?post=1177"},{"taxonomy":"product_tag","embeddable":true,"href":"https:\/\/arsarp.it\/fruttetocampochiaro\/wp-json\/wp\/v2\/product_tag?post=1177"}],"curies":[{"name":"wp","href":"https:\/\/api.w.org\/{rel}","templated":true}]}}