{"id":248,"date":"2025-05-14T09:57:32","date_gmt":"2025-05-14T09:57:32","guid":{"rendered":"https:\/\/arsarp.it\/biodiversita\/?page_id=248"},"modified":"2025-05-20T09:30:58","modified_gmt":"2025-05-20T09:30:58","slug":"tintilia","status":"publish","type":"page","link":"https:\/\/arsarp.it\/biodiversita\/tintilia\/","title":{"rendered":"Tintilia del Molise"},"content":{"rendered":"\t\t<div data-elementor-type=\"wp-page\" data-elementor-id=\"248\" class=\"elementor elementor-248\" data-elementor-post-type=\"page\">\n\t\t\t\t<div class=\"elementor-element elementor-element-3cd6fdc1 e-flex e-con-boxed e-con e-parent\" data-id=\"3cd6fdc1\" data-element_type=\"container\" data-e-type=\"container\" data-settings=\"{&quot;background_background&quot;:&quot;classic&quot;}\">\n\t\t\t\t\t<div class=\"e-con-inner\">\n\t\t\t\t\t<\/div>\n\t\t\t\t<\/div>\n\t\t<div class=\"elementor-element elementor-element-b94dc67 e-flex e-con-boxed e-con e-parent\" data-id=\"b94dc67\" data-element_type=\"container\" data-e-type=\"container\" data-settings=\"{&quot;background_background&quot;:&quot;classic&quot;}\">\n\t\t\t\t\t<div class=\"e-con-inner\">\n\t\t\t\t<div class=\"elementor-element elementor-element-364a77e3 elementor-widget elementor-widget-heading\" data-id=\"364a77e3\" data-element_type=\"widget\" data-e-type=\"widget\" data-widget_type=\"heading.default\">\n\t\t\t\t<div class=\"elementor-widget-container\">\n\t\t\t\t\t<h2 class=\"elementor-heading-title elementor-size-default\">Tintilia del Molise<\/h2>\t\t\t\t<\/div>\n\t\t\t\t<\/div>\n\t\t\t\t<div class=\"elementor-element elementor-element-1d4b2b3a elementor-widget elementor-widget-heading\" data-id=\"1d4b2b3a\" data-element_type=\"widget\" data-e-type=\"widget\" data-widget_type=\"heading.default\">\n\t\t\t\t<div class=\"elementor-widget-container\">\n\t\t\t\t\t<h2 class=\"elementor-heading-title elementor-size-default\">Ferrazzano<\/h2>\t\t\t\t<\/div>\n\t\t\t\t<\/div>\n\t\t\t\t<div class=\"elementor-element elementor-element-49f7ce13 elementor-widget-divider--view-line elementor-widget elementor-widget-divider\" data-id=\"49f7ce13\" data-element_type=\"widget\" data-e-type=\"widget\" data-widget_type=\"divider.default\">\n\t\t\t\t<div class=\"elementor-widget-container\">\n\t\t\t\t\t\t\t<div class=\"elementor-divider\">\n\t\t\t<span class=\"elementor-divider-separator\">\n\t\t\t\t\t\t<\/span>\n\t\t<\/div>\n\t\t\t\t\t\t<\/div>\n\t\t\t\t<\/div>\n\t\t\t\t\t<\/div>\n\t\t\t\t<\/div>\n\t\t<div class=\"elementor-element elementor-element-4cd776e9 e-flex e-con-boxed e-con e-parent\" data-id=\"4cd776e9\" data-element_type=\"container\" data-e-type=\"container\" data-settings=\"{&quot;background_background&quot;:&quot;classic&quot;}\">\n\t\t\t\t\t<div class=\"e-con-inner\">\n\t\t<div class=\"elementor-element elementor-element-21acf2b4 e-con-full e-flex e-con e-child\" data-id=\"21acf2b4\" data-element_type=\"container\" data-e-type=\"container\">\n\t\t\t\t<div class=\"elementor-element elementor-element-752f5d9a elementor-widget elementor-widget-heading\" data-id=\"752f5d9a\" data-element_type=\"widget\" data-e-type=\"widget\" data-widget_type=\"heading.default\">\n\t\t\t\t<div class=\"elementor-widget-container\">\n\t\t\t\t\t<h2 class=\"elementor-heading-title elementor-size-default\"><b>L\u2019eleganza del rosso molisano, tra identit\u00e0 e raffinatezza<\/b><\/h2>\t\t\t\t<\/div>\n\t\t\t\t<\/div>\n\t\t\t\t<div class=\"elementor-element elementor-element-1ee731d1 elementor-widget elementor-widget-text-editor\" data-id=\"1ee731d1\" data-element_type=\"widget\" data-e-type=\"widget\" data-widget_type=\"text-editor.default\">\n\t\t\t\t<div class=\"elementor-widget-container\">\n\t\t\t\t\t\t\t\t\t<p><span style=\"font-weight: 400;\">La <\/span><b>Tintilia<\/b><span style=\"font-weight: 400;\"> \u00e8 il vitigno autoctono per eccellenza del Molise. La sua origine si perde nel tempo e, per anni dimenticata, \u00e8 stata riscoperta e valorizzata grazie al lavoro di piccoli produttori locali. Oggi \u00e8 tutelata dalla <\/span><b>Denominazione di Origine Controllata (DOC)<\/b><span style=\"font-weight: 400;\"> e rappresenta il simbolo della viticoltura molisana.<\/span><\/p><p><span style=\"font-weight: 400;\">Coltivata in poco pi\u00f9 di 50 ettari, prevalentemente in collina, la Tintilia \u00e8 una variet\u00e0 \u201cdifficile\u201d, ma proprio per questo affascinante. Le sue basse rese e le peculiarit\u00e0 ampelografiche la rendono una vite preziosa, perfetta per vini rossi di qualit\u00e0, eleganti e longevi.<\/span><\/p>\t\t\t\t\t\t\t\t<\/div>\n\t\t\t\t<\/div>\n\t\t\t\t<\/div>\n\t\t\t\t\t<\/div>\n\t\t\t\t<\/div>\n\t\t<div class=\"elementor-element elementor-element-67ae7b60 e-flex e-con-boxed e-con e-parent\" data-id=\"67ae7b60\" data-element_type=\"container\" data-e-type=\"container\" data-settings=\"{&quot;background_background&quot;:&quot;classic&quot;}\">\n\t\t\t\t\t<div class=\"e-con-inner\">\n\t\t<div class=\"elementor-element elementor-element-15ce4cb1 e-con-full e-flex e-con e-child\" data-id=\"15ce4cb1\" data-element_type=\"container\" data-e-type=\"container\">\n\t\t\t\t<div class=\"elementor-element elementor-element-79f09110 elementor-widget elementor-widget-heading\" data-id=\"79f09110\" data-element_type=\"widget\" data-e-type=\"widget\" data-widget_type=\"heading.default\">\n\t\t\t\t<div class=\"elementor-widget-container\">\n\t\t\t\t\t<h2 class=\"elementor-heading-title elementor-size-default\"><span style=\"font-weight: 700\">Caratteristiche uniche<\/span><\/h2>\t\t\t\t<\/div>\n\t\t\t\t<\/div>\n\t\t\t\t<div class=\"elementor-element elementor-element-6319a724 elementor-widget elementor-widget-text-editor\" data-id=\"6319a724\" data-element_type=\"widget\" data-e-type=\"widget\" data-widget_type=\"text-editor.default\">\n\t\t\t\t<div class=\"elementor-widget-container\">\n\t\t\t\t\t\t\t\t\t<p><b>Specie<\/b><span style=\"font-weight: 400;\">: <\/span><i><span style=\"font-weight: 400;\">Vitis vinifera L.<\/span><\/i><span style=\"font-weight: 400;\">, famiglia Vitaceae<\/span><span style=\"font-weight: 400;\"><br \/><\/span><\/p><p><b>Ecopotipo molisano<\/b><span style=\"font-weight: 400;\">, inserito nel gruppo delle <\/span><b>\u201cuve tintorie\u201d<\/b><span style=\"font-weight: 400;\">, con succo colorato<\/span><span style=\"font-weight: 400;\"><br \/><\/span><\/p><p><b>Foglia tri- o pentalobata<\/b><span style=\"font-weight: 400;\">, di media grandezza<\/span><span style=\"font-weight: 400;\"><br \/><\/span><\/p><p><b>Grappolo<\/b><span style=\"font-weight: 400;\">: medio-piccolo, cilindrico o piramidale, spesso alato, da spargolo a semispargolo<\/span><span style=\"font-weight: 400;\"><br \/><\/span><\/p><p><b>Acino<\/b><span style=\"font-weight: 400;\">: medio-piccolo, sferico, pruinoso, con <\/span><b>buccia spessa e blu scuro<\/b><b><br \/><\/b><\/p><p><b>Polpa densa<\/b><span style=\"font-weight: 400;\">, tendente al gelatinoso<\/span><span style=\"font-weight: 400;\"><br \/><\/span><\/p><p><b>Epoca di fioritura<\/b><span style=\"font-weight: 400;\">: fine maggio &#8211; inizio giugno<\/span><span style=\"font-weight: 400;\"><br \/><\/span><\/p><p><b>Epoca di maturazione<\/b><span style=\"font-weight: 400;\">: III epoca (tardiva)<\/span><span style=\"font-weight: 400;\"><br \/><\/span><\/p><p><b>Produttivit\u00e0 bassa<\/b><span style=\"font-weight: 400;\">: 60\u201380 quintali\/ettaro, con rese in mosto contenute<\/span><span style=\"font-weight: 400;\"><br \/><\/span><\/p><p><b>Elevata concentrazione fenolica<\/b><span style=\"font-weight: 400;\"> e buona acidit\u00e0<\/span><span style=\"font-weight: 400;\"><br \/><\/span><\/p><p><b>Eleganza del profilo aromatico<\/b><span style=\"font-weight: 400;\">: note speziate di pepe nero e chiodi di garofano<\/span><\/p>\t\t\t\t\t\t\t\t<\/div>\n\t\t\t\t<\/div>\n\t\t\t\t<\/div>\n\t\t\t\t\t<\/div>\n\t\t\t\t<\/div>\n\t\t<div class=\"elementor-element elementor-element-207dfa38 e-flex e-con-boxed e-con e-parent\" data-id=\"207dfa38\" data-element_type=\"container\" data-e-type=\"container\" data-settings=\"{&quot;background_background&quot;:&quot;classic&quot;}\">\n\t\t\t\t\t<div class=\"e-con-inner\">\n\t\t<div class=\"elementor-element elementor-element-7cce2c57 e-con-full e-flex e-con e-child\" data-id=\"7cce2c57\" data-element_type=\"container\" data-e-type=\"container\">\n\t\t\t\t<div class=\"elementor-element elementor-element-2fc1156d elementor-widget elementor-widget-heading\" data-id=\"2fc1156d\" data-element_type=\"widget\" data-e-type=\"widget\" data-widget_type=\"heading.default\">\n\t\t\t\t<div class=\"elementor-widget-container\">\n\t\t\t\t\t<h2 class=\"elementor-heading-title elementor-size-default\"><span style=\"font-weight: 700\">Ambiente ideale e adattamento<\/span><\/h2>\t\t\t\t<\/div>\n\t\t\t\t<\/div>\n\t\t\t\t<div class=\"elementor-element elementor-element-277c377d elementor-widget elementor-widget-text-editor\" data-id=\"277c377d\" data-element_type=\"widget\" data-e-type=\"widget\" data-widget_type=\"text-editor.default\">\n\t\t\t\t<div class=\"elementor-widget-container\">\n\t\t\t\t\t\t\t\t\t<p><b>Territori collinari interni<\/b><span style=\"font-weight: 400;\">, tra i 300 e 700 m s.l.m., con <\/span><b>buona esposizione al sole<\/b><b><br \/><\/b><\/p><p><b>Suoli argillosi e calcarei<\/b><span style=\"font-weight: 400;\">, ben drenati<\/span><span style=\"font-weight: 400;\"><br \/><\/span><\/p><p><span style=\"font-weight: 400;\">Adatta a condizioni <\/span><b>climatiche asciutte<\/b><span style=\"font-weight: 400;\">, soffre le annate troppo piovose<\/span><span style=\"font-weight: 400;\"><br \/><\/span><\/p><p><em>Buon adattamento ai versanti pi\u00f9 assolati<span style=\"font-weight: 400;\">, dove d\u00e0 i migliori risultati qualitativi<\/span><\/em><\/p>\t\t\t\t\t\t\t\t<\/div>\n\t\t\t\t<\/div>\n\t\t\t\t<\/div>\n\t\t\t\t\t<\/div>\n\t\t\t\t<\/div>\n\t\t<div class=\"elementor-element elementor-element-6de98c4 e-flex e-con-boxed e-con e-parent\" data-id=\"6de98c4\" data-element_type=\"container\" data-e-type=\"container\" data-settings=\"{&quot;background_background&quot;:&quot;classic&quot;}\">\n\t\t\t\t\t<div class=\"e-con-inner\">\n\t\t<div class=\"elementor-element elementor-element-3399b0b e-con-full e-flex e-con e-child\" data-id=\"3399b0b\" data-element_type=\"container\" data-e-type=\"container\">\n\t\t\t\t<div class=\"elementor-element elementor-element-77d48a5 elementor-widget elementor-widget-heading\" data-id=\"77d48a5\" data-element_type=\"widget\" data-e-type=\"widget\" data-widget_type=\"heading.default\">\n\t\t\t\t<div class=\"elementor-widget-container\">\n\t\t\t\t\t<h2 class=\"elementor-heading-title elementor-size-default\"><span style=\"font-weight: 700\">Principali avversit\u00e0<\/span><\/h2>\t\t\t\t<\/div>\n\t\t\t\t<\/div>\n\t\t\t\t<div class=\"elementor-element elementor-element-2d79bcd elementor-widget elementor-widget-text-editor\" data-id=\"2d79bcd\" data-element_type=\"widget\" data-e-type=\"widget\" data-widget_type=\"text-editor.default\">\n\t\t\t\t<div class=\"elementor-widget-container\">\n\t\t\t\t\t\t\t\t\t<p><span style=\"font-weight: 400;\">La Tintilia \u00e8 un vitigno rustico e ben acclimatato, ma pu\u00f2 essere soggetto a:<\/span><\/p><p><b>Allegagione difficoltosa<\/b><span style=\"font-weight: 400;\">, accentuata da condizioni climatiche avverse<\/span><span style=\"font-weight: 400;\"><br \/><\/span><\/p><p><b>Oidio (Uncinula necator)<\/b><span style=\"font-weight: 400;\"> in primavera\/estate<\/span><span style=\"font-weight: 400;\"><br \/><\/span><\/p><p><b>Peronospora (Plasmopara viticola)<\/b><span style=\"font-weight: 400;\"> in annate particolarmente umide<\/span><\/p>\t\t\t\t\t\t\t\t<\/div>\n\t\t\t\t<\/div>\n\t\t\t\t<\/div>\n\t\t\t\t\t<\/div>\n\t\t\t\t<\/div>\n\t\t<div class=\"elementor-element elementor-element-58305eb e-flex e-con-boxed e-con e-parent\" data-id=\"58305eb\" data-element_type=\"container\" data-e-type=\"container\" data-settings=\"{&quot;background_background&quot;:&quot;classic&quot;}\">\n\t\t\t\t\t<div class=\"e-con-inner\">\n\t\t<div class=\"elementor-element elementor-element-e288072 e-con-full e-flex e-con e-child\" data-id=\"e288072\" data-element_type=\"container\" data-e-type=\"container\">\n\t\t\t\t<div class=\"elementor-element elementor-element-7dc37b8 elementor-widget elementor-widget-heading\" data-id=\"7dc37b8\" data-element_type=\"widget\" data-e-type=\"widget\" data-widget_type=\"heading.default\">\n\t\t\t\t<div class=\"elementor-widget-container\">\n\t\t\t\t\t<h2 class=\"elementor-heading-title elementor-size-default\"><span style=\"font-weight: 700\">Un vino identitario e raffinato<\/span><\/h2>\t\t\t\t<\/div>\n\t\t\t\t<\/div>\n\t\t\t\t<div class=\"elementor-element elementor-element-8267a03 elementor-widget elementor-widget-text-editor\" data-id=\"8267a03\" data-element_type=\"widget\" data-e-type=\"widget\" data-widget_type=\"text-editor.default\">\n\t\t\t\t<div class=\"elementor-widget-container\">\n\t\t\t\t\t\t\t\t\t<p><span style=\"font-weight: 400;\">Il vino <\/span><b>Molise Tintilia DOC<\/b><span style=\"font-weight: 400;\"> \u00e8 apprezzato per la sua <\/span><b>eleganza e complessit\u00e0 aromatica<\/b><span style=\"font-weight: 400;\">, pi\u00f9 che per la potenza. Al naso e al palato emergono <\/span><b>note speziate<\/b><span style=\"font-weight: 400;\"> raffinate, che si intensificano con l\u2019affinamento sia in acciaio che in legno.<\/span><\/p><p><span style=\"font-weight: 400;\">Pur con una <\/span><b>buona alcolicit\u00e0<\/b><span style=\"font-weight: 400;\"> e struttura, la Tintilia si distingue per <\/span><b>freschezza, equilibrio e riconoscibilit\u00e0<\/b><span style=\"font-weight: 400;\">. \u00c8 un vino rosso di personalit\u00e0, che esprime con autenticit\u00e0 il carattere del territorio molisano: discreto, forte, ma mai urlato.<\/span><\/p>\t\t\t\t\t\t\t\t<\/div>\n\t\t\t\t<\/div>\n\t\t\t\t<\/div>\n\t\t\t\t\t<\/div>\n\t\t\t\t<\/div>\n\t\t<div class=\"elementor-element elementor-element-216b1700 e-flex e-con-boxed e-con e-parent\" data-id=\"216b1700\" data-element_type=\"container\" data-e-type=\"container\" data-settings=\"{&quot;background_background&quot;:&quot;classic&quot;}\">\n\t\t\t\t\t<div class=\"e-con-inner\">\n\t\t<div class=\"elementor-element elementor-element-12948e4d e-con-full e-flex e-con e-child\" data-id=\"12948e4d\" data-element_type=\"container\" data-e-type=\"container\">\n\t\t\t\t<div class=\"elementor-element elementor-element-25d0835b elementor-widget elementor-widget-heading\" data-id=\"25d0835b\" data-element_type=\"widget\" data-e-type=\"widget\" data-widget_type=\"heading.default\">\n\t\t\t\t<div class=\"elementor-widget-container\">\n\t\t\t\t\t<h2 class=\"elementor-heading-title elementor-size-default\">ALTRI ITINERARI<\/h2>\t\t\t\t<\/div>\n\t\t\t\t<\/div>\n\t\t\t\t<div class=\"elementor-element elementor-element-6c8f5092 elementor-widget-divider--view-line elementor-widget elementor-widget-divider\" data-id=\"6c8f5092\" data-element_type=\"widget\" data-e-type=\"widget\" data-widget_type=\"divider.default\">\n\t\t\t\t<div class=\"elementor-widget-container\">\n\t\t\t\t\t\t\t<div class=\"elementor-divider\">\n\t\t\t<span class=\"elementor-divider-separator\">\n\t\t\t\t\t\t<\/span>\n\t\t<\/div>\n\t\t\t\t\t\t<\/div>\n\t\t\t\t<\/div>\n\t\t\t\t<\/div>\n\t\t<div class=\"elementor-element elementor-element-1b00c0be e-con-full e-flex e-con e-child\" data-id=\"1b00c0be\" data-element_type=\"container\" data-e-type=\"container\">\n\t\t\t\t<div class=\"elementor-element elementor-element-f8a3d8a elementor-widget elementor-widget-image\" data-id=\"f8a3d8a\" data-element_type=\"widget\" data-e-type=\"widget\" data-widget_type=\"image.default\">\n\t\t\t\t<div class=\"elementor-widget-container\">\n\t\t\t\t\t\t\t\t\t\t\t\t\t\t\t<img fetchpriority=\"high\" decoding=\"async\" width=\"800\" height=\"551\" src=\"https:\/\/arsarp.it\/biodiversita\/wp-content\/uploads\/2025\/05\/Homepage_CopertineNuove-04-1024x705.png\" class=\"attachment-large size-large wp-image-834\" alt=\"\" srcset=\"https:\/\/arsarp.it\/biodiversita\/wp-content\/uploads\/2025\/05\/Homepage_CopertineNuove-04-1024x705.png 1024w, https:\/\/arsarp.it\/biodiversita\/wp-content\/uploads\/2025\/05\/Homepage_CopertineNuove-04-300x206.png 300w, https:\/\/arsarp.it\/biodiversita\/wp-content\/uploads\/2025\/05\/Homepage_CopertineNuove-04-768x529.png 768w, https:\/\/arsarp.it\/biodiversita\/wp-content\/uploads\/2025\/05\/Homepage_CopertineNuove-04.png 1514w\" sizes=\"(max-width: 800px) 100vw, 800px\" \/>\t\t\t\t\t\t\t\t\t\t\t\t\t\t\t<\/div>\n\t\t\t\t<\/div>\n\t\t\t\t<div class=\"elementor-element elementor-element-28726f1c elementor-align-center elementor-widget elementor-widget-button\" data-id=\"28726f1c\" data-element_type=\"widget\" data-e-type=\"widget\" data-widget_type=\"button.default\">\n\t\t\t\t<div class=\"elementor-widget-container\">\n\t\t\t\t\t\t\t\t\t<div class=\"elementor-button-wrapper\">\n\t\t\t\t\t<a class=\"elementor-button elementor-button-link elementor-size-sm\" href=\"https:\/\/arsarp.it\/biodiversita\/pecora\/\">\n\t\t\t\t\t\t<span class=\"elementor-button-content-wrapper\">\n\t\t\t\t\t\t\t\t\t<span class=\"elementor-button-text\">PECORA GENTILE DI PUGLIA<\/span>\n\t\t\t\t\t<\/span>\n\t\t\t\t\t<\/a>\n\t\t\t\t<\/div>\n\t\t\t\t\t\t\t\t<\/div>\n\t\t\t\t<\/div>\n\t\t\t\t<\/div>\n\t\t<div class=\"elementor-element elementor-element-6806c041 e-con-full e-flex e-con e-child\" data-id=\"6806c041\" data-element_type=\"container\" data-e-type=\"container\">\n\t\t\t\t<div class=\"elementor-element elementor-element-33a7b699 elementor-widget elementor-widget-image\" data-id=\"33a7b699\" data-element_type=\"widget\" data-e-type=\"widget\" data-widget_type=\"image.default\">\n\t\t\t\t<div class=\"elementor-widget-container\">\n\t\t\t\t\t\t\t\t\t\t\t\t\t\t\t<img decoding=\"async\" width=\"800\" height=\"551\" src=\"https:\/\/arsarp.it\/biodiversita\/wp-content\/uploads\/2025\/05\/Homepage_CopertineNuove-05-1024x705.png\" class=\"attachment-large size-large wp-image-835\" alt=\"\" srcset=\"https:\/\/arsarp.it\/biodiversita\/wp-content\/uploads\/2025\/05\/Homepage_CopertineNuove-05-1024x705.png 1024w, https:\/\/arsarp.it\/biodiversita\/wp-content\/uploads\/2025\/05\/Homepage_CopertineNuove-05-300x206.png 300w, https:\/\/arsarp.it\/biodiversita\/wp-content\/uploads\/2025\/05\/Homepage_CopertineNuove-05-768x529.png 768w, https:\/\/arsarp.it\/biodiversita\/wp-content\/uploads\/2025\/05\/Homepage_CopertineNuove-05.png 1514w\" sizes=\"(max-width: 800px) 100vw, 800px\" \/>\t\t\t\t\t\t\t\t\t\t\t\t\t\t\t<\/div>\n\t\t\t\t<\/div>\n\t\t\t\t<div class=\"elementor-element elementor-element-38418514 elementor-align-center elementor-widget elementor-widget-button\" data-id=\"38418514\" data-element_type=\"widget\" data-e-type=\"widget\" data-widget_type=\"button.default\">\n\t\t\t\t<div class=\"elementor-widget-container\">\n\t\t\t\t\t\t\t\t\t<div class=\"elementor-button-wrapper\">\n\t\t\t\t\t<a class=\"elementor-button elementor-button-link elementor-size-sm\" href=\"https:\/\/arsarp.it\/biodiversita\/capra\/\">\n\t\t\t\t\t\t<span class=\"elementor-button-content-wrapper\">\n\t\t\t\t\t\t\t\t\t<span class=\"elementor-button-text\">CAPRA GRIGIA MOLISANA<\/span>\n\t\t\t\t\t<\/span>\n\t\t\t\t\t<\/a>\n\t\t\t\t<\/div>\n\t\t\t\t\t\t\t\t<\/div>\n\t\t\t\t<\/div>\n\t\t\t\t<\/div>\n\t\t<div class=\"elementor-element elementor-element-57eda18b e-con-full e-flex e-con e-child\" data-id=\"57eda18b\" data-element_type=\"container\" data-e-type=\"container\">\n\t\t\t\t<div class=\"elementor-element elementor-element-7c5b01e8 elementor-widget elementor-widget-image\" data-id=\"7c5b01e8\" data-element_type=\"widget\" data-e-type=\"widget\" data-widget_type=\"image.default\">\n\t\t\t\t<div class=\"elementor-widget-container\">\n\t\t\t\t\t\t\t\t\t\t\t\t\t\t\t<img decoding=\"async\" width=\"800\" height=\"551\" src=\"https:\/\/arsarp.it\/biodiversita\/wp-content\/uploads\/2025\/05\/Homepage_CopertineNuova-1-1024x705.png\" class=\"attachment-large size-large wp-image-852\" alt=\"\" srcset=\"https:\/\/arsarp.it\/biodiversita\/wp-content\/uploads\/2025\/05\/Homepage_CopertineNuova-1-1024x705.png 1024w, https:\/\/arsarp.it\/biodiversita\/wp-content\/uploads\/2025\/05\/Homepage_CopertineNuova-1-300x206.png 300w, https:\/\/arsarp.it\/biodiversita\/wp-content\/uploads\/2025\/05\/Homepage_CopertineNuova-1-768x529.png 768w, https:\/\/arsarp.it\/biodiversita\/wp-content\/uploads\/2025\/05\/Homepage_CopertineNuova-1.png 1514w\" sizes=\"(max-width: 800px) 100vw, 800px\" \/>\t\t\t\t\t\t\t\t\t\t\t\t\t\t\t<\/div>\n\t\t\t\t<\/div>\n\t\t\t\t<div class=\"elementor-element elementor-element-2bd38922 elementor-align-center elementor-widget elementor-widget-button\" data-id=\"2bd38922\" data-element_type=\"widget\" data-e-type=\"widget\" data-widget_type=\"button.default\">\n\t\t\t\t<div class=\"elementor-widget-container\">\n\t\t\t\t\t\t\t\t\t<div class=\"elementor-button-wrapper\">\n\t\t\t\t\t<a class=\"elementor-button elementor-button-link elementor-size-sm\" href=\"https:\/\/arsarp.it\/biodiversita\/maiale\/\">\n\t\t\t\t\t\t<span class=\"elementor-button-content-wrapper\">\n\t\t\t\t\t\t\t\t\t<span class=\"elementor-button-text\">MAIALE DI RAZZA CASERTANA<\/span>\n\t\t\t\t\t<\/span>\n\t\t\t\t\t<\/a>\n\t\t\t\t<\/div>\n\t\t\t\t\t\t\t\t<\/div>\n\t\t\t\t<\/div>\n\t\t\t\t<\/div>\n\t\t\t\t\t<\/div>\n\t\t\t\t<\/div>\n\t\t\t\t<\/div>\n\t\t","protected":false},"excerpt":{"rendered":"<p>Tintilia del Molise Ferrazzano L\u2019eleganza del rosso molisano, tra identit\u00e0 e raffinatezza La Tintilia \u00e8 il vitigno autoctono per eccellenza del Molise. La sua origine si perde nel tempo e, per anni dimenticata, \u00e8 stata riscoperta e valorizzata grazie al lavoro di piccoli produttori locali. Oggi \u00e8 tutelata dalla Denominazione di Origine Controllata (DOC) e [&hellip;]<\/p>\n","protected":false},"author":1,"featured_media":0,"parent":0,"menu_order":0,"comment_status":"closed","ping_status":"closed","template":"","meta":{"footnotes":""},"class_list":["post-248","page","type-page","status-publish","hentry"],"_links":{"self":[{"href":"https:\/\/arsarp.it\/biodiversita\/wp-json\/wp\/v2\/pages\/248","targetHints":{"allow":["GET"]}}],"collection":[{"href":"https:\/\/arsarp.it\/biodiversita\/wp-json\/wp\/v2\/pages"}],"about":[{"href":"https:\/\/arsarp.it\/biodiversita\/wp-json\/wp\/v2\/types\/page"}],"author":[{"embeddable":true,"href":"https:\/\/arsarp.it\/biodiversita\/wp-json\/wp\/v2\/users\/1"}],"replies":[{"embeddable":true,"href":"https:\/\/arsarp.it\/biodiversita\/wp-json\/wp\/v2\/comments?post=248"}],"version-history":[{"count":20,"href":"https:\/\/arsarp.it\/biodiversita\/wp-json\/wp\/v2\/pages\/248\/revisions"}],"predecessor-version":[{"id":874,"href":"https:\/\/arsarp.it\/biodiversita\/wp-json\/wp\/v2\/pages\/248\/revisions\/874"}],"wp:attachment":[{"href":"https:\/\/arsarp.it\/biodiversita\/wp-json\/wp\/v2\/media?parent=248"}],"curies":[{"name":"wp","href":"https:\/\/api.w.org\/{rel}","templated":true}]}}