{"id":215,"date":"2025-05-14T09:53:53","date_gmt":"2025-05-14T09:53:53","guid":{"rendered":"https:\/\/arsarp.it\/biodiversita\/?page_id=215"},"modified":"2025-05-16T11:13:16","modified_gmt":"2025-05-16T11:13:16","slug":"frumento","status":"publish","type":"page","link":"https:\/\/arsarp.it\/biodiversita\/frumento\/","title":{"rendered":"Frumento Duro Marzuolo di Fossalto"},"content":{"rendered":"\t\t<div data-elementor-type=\"wp-page\" data-elementor-id=\"215\" class=\"elementor elementor-215\" data-elementor-post-type=\"page\">\n\t\t\t\t<div class=\"elementor-element elementor-element-45108083 e-flex e-con-boxed e-con e-parent\" data-id=\"45108083\" data-element_type=\"container\" data-e-type=\"container\" data-settings=\"{&quot;background_background&quot;:&quot;classic&quot;}\">\n\t\t\t\t\t<div class=\"e-con-inner\">\n\t\t\t\t\t<\/div>\n\t\t\t\t<\/div>\n\t\t<div class=\"elementor-element elementor-element-7e7088d3 e-flex e-con-boxed e-con e-parent\" data-id=\"7e7088d3\" data-element_type=\"container\" data-e-type=\"container\" data-settings=\"{&quot;background_background&quot;:&quot;classic&quot;}\">\n\t\t\t\t\t<div class=\"e-con-inner\">\n\t\t\t\t<div class=\"elementor-element elementor-element-6d9bd903 elementor-widget elementor-widget-heading\" data-id=\"6d9bd903\" data-element_type=\"widget\" data-e-type=\"widget\" data-widget_type=\"heading.default\">\n\t\t\t\t<div class=\"elementor-widget-container\">\n\t\t\t\t\t<h2 class=\"elementor-heading-title elementor-size-default\">Frumento Duro Marzuolo di Fossalto<\/h2>\t\t\t\t<\/div>\n\t\t\t\t<\/div>\n\t\t\t\t<div class=\"elementor-element elementor-element-4befd8d8 elementor-widget elementor-widget-heading\" data-id=\"4befd8d8\" data-element_type=\"widget\" data-e-type=\"widget\" data-widget_type=\"heading.default\">\n\t\t\t\t<div class=\"elementor-widget-container\">\n\t\t\t\t\t<h2 class=\"elementor-heading-title elementor-size-default\">Fossalto<\/h2>\t\t\t\t<\/div>\n\t\t\t\t<\/div>\n\t\t\t\t<div class=\"elementor-element elementor-element-42b095d elementor-widget-divider--view-line elementor-widget elementor-widget-divider\" data-id=\"42b095d\" data-element_type=\"widget\" data-e-type=\"widget\" data-widget_type=\"divider.default\">\n\t\t\t\t<div class=\"elementor-widget-container\">\n\t\t\t\t\t\t\t<div class=\"elementor-divider\">\n\t\t\t<span class=\"elementor-divider-separator\">\n\t\t\t\t\t\t<\/span>\n\t\t<\/div>\n\t\t\t\t\t\t<\/div>\n\t\t\t\t<\/div>\n\t\t\t\t\t<\/div>\n\t\t\t\t<\/div>\n\t\t<div class=\"elementor-element elementor-element-8129b0e e-flex e-con-boxed e-con e-parent\" data-id=\"8129b0e\" data-element_type=\"container\" data-e-type=\"container\" data-settings=\"{&quot;background_background&quot;:&quot;classic&quot;}\">\n\t\t\t\t\t<div class=\"e-con-inner\">\n\t\t<div class=\"elementor-element elementor-element-752e6acd e-con-full e-flex e-con e-child\" data-id=\"752e6acd\" data-element_type=\"container\" data-e-type=\"container\">\n\t\t\t\t<div class=\"elementor-element elementor-element-4c176141 elementor-widget elementor-widget-heading\" data-id=\"4c176141\" data-element_type=\"widget\" data-e-type=\"widget\" data-widget_type=\"heading.default\">\n\t\t\t\t<div class=\"elementor-widget-container\">\n\t\t\t\t\t<h2 class=\"elementor-heading-title elementor-size-default\"><b>Un\u2019antica variet\u00e0 cerealicola che racconta il paesaggio molisano<\/b><\/h2>\t\t\t\t<\/div>\n\t\t\t\t<\/div>\n\t\t\t\t<div class=\"elementor-element elementor-element-6a4b2733 elementor-widget elementor-widget-text-editor\" data-id=\"6a4b2733\" data-element_type=\"widget\" data-e-type=\"widget\" data-widget_type=\"text-editor.default\">\n\t\t\t\t<div class=\"elementor-widget-container\">\n\t\t\t\t\t\t\t\t\t<p><span style=\"font-weight: 400;\">Il <\/span><b>Frumento Duro Marzuolo di Fossalto<\/b><span style=\"font-weight: 400;\"> \u00e8 una variet\u00e0 locale di grano duro (<\/span><i><span style=\"font-weight: 400;\">Triticum durum Desf.<\/span><\/i><span style=\"font-weight: 400;\">) coltivata tradizionalmente nel territorio di Fossalto, in Molise. Rappresenta un esempio prezioso di cereale <\/span><b>microtermo a semina primaverile<\/b><span style=\"font-weight: 400;\"> (da qui il termine \u201cmarzuolo\u201d) che si \u00e8 adattato nel tempo agli ambienti collinari e montani del centro-sud Italia.<\/span><\/p><p><span style=\"font-weight: 400;\">Questa tipologia di grano duro \u00e8 frutto di una selezione antica, operata nel tempo per resistere a climi caldi e asciutti, e si distingue per le sue caratteristiche morfologiche e qualitative. La sua coltivazione mantiene vive tecniche agronomiche sostenibili e valorizza il territorio con produzioni di nicchia ad alto valore culturale e alimentare.<\/span><\/p>\t\t\t\t\t\t\t\t<\/div>\n\t\t\t\t<\/div>\n\t\t\t\t<\/div>\n\t\t\t\t\t<\/div>\n\t\t\t\t<\/div>\n\t\t<div class=\"elementor-element elementor-element-3fa53617 e-flex e-con-boxed e-con e-parent\" data-id=\"3fa53617\" data-element_type=\"container\" data-e-type=\"container\" data-settings=\"{&quot;background_background&quot;:&quot;classic&quot;}\">\n\t\t\t\t\t<div class=\"e-con-inner\">\n\t\t<div class=\"elementor-element elementor-element-3151e43f e-con-full e-flex e-con e-child\" data-id=\"3151e43f\" data-element_type=\"container\" data-e-type=\"container\">\n\t\t\t\t<div class=\"elementor-element elementor-element-60c80063 elementor-widget elementor-widget-heading\" data-id=\"60c80063\" data-element_type=\"widget\" data-e-type=\"widget\" data-widget_type=\"heading.default\">\n\t\t\t\t<div class=\"elementor-widget-container\">\n\t\t\t\t\t<h2 class=\"elementor-heading-title elementor-size-default\"><span style=\"font-weight: 700\">Caratteristiche uniche<\/span><\/h2>\t\t\t\t<\/div>\n\t\t\t\t<\/div>\n\t\t\t\t<div class=\"elementor-element elementor-element-67c84f7b elementor-widget elementor-widget-text-editor\" data-id=\"67c84f7b\" data-element_type=\"widget\" data-e-type=\"widget\" data-widget_type=\"text-editor.default\">\n\t\t\t\t<div class=\"elementor-widget-container\">\n\t\t\t\t\t\t\t\t\t<p><b>Specie<\/b><span style=\"font-weight: 400;\">: <\/span><i><span style=\"font-weight: 400;\">Triticum durum Desf.<\/span><\/i><span style=\"font-weight: 400;\">, appartenente alla famiglia delle Graminaceae<\/span><span style=\"font-weight: 400;\"><br \/><\/span><\/p><p><b>Tipo<\/b><span style=\"font-weight: 400;\">: cereale <\/span><b>tetraploide<\/b><span style=\"font-weight: 400;\"> (2n = 28), con metabolismo fotosintetico di tipo C3<\/span><span style=\"font-weight: 400;\"><br \/><\/span><\/p><p><b>Pianta microterma<\/b><span style=\"font-weight: 400;\">, adatta alla semina primaverile in ambienti di alta collina<\/span><span style=\"font-weight: 400;\"><br \/><\/span><\/p><p><b>Apparato radicale fascicolato<\/b><span style=\"font-weight: 400;\">, con radici seminali e avventizie molto sviluppate<\/span><span style=\"font-weight: 400;\"><br \/><\/span><\/p><p><b>Culmo<\/b><span style=\"font-weight: 400;\">: cilindrico, con nodi e internodi vuoti tranne l\u2019ultimo<\/span><span style=\"font-weight: 400;\"><br \/><\/span><\/p><p><b>Foglie<\/b><span style=\"font-weight: 400;\">: a guaina avvolgente, inserite sui nodi del culmo<\/span><span style=\"font-weight: 400;\"><br \/><\/span><\/p><p><b>Infiorescenza<\/b><span style=\"font-weight: 400;\">: spiga laterale compressa, formata da spighette sessili<\/span><span style=\"font-weight: 400;\"><br \/><\/span><\/p><p><b>Fioritura autogama e cleistogama<\/b><span style=\"font-weight: 400;\">, con fiori protetti da glume e glumette<\/span><span style=\"font-weight: 400;\"><br \/><\/span><\/p><p><b>Restatura<\/b><span style=\"font-weight: 400;\">: spighe dotate di reste lunghe e spesso pigmentate<\/span><\/p><p><b>Granella<\/b><span style=\"font-weight: 400;\">: nuda, con endosperma vitreo e ricco di proteine, ideale per semole e paste di qualit\u00e0<\/span><span style=\"font-weight: 400;\"><br \/><\/span><\/p><p><b>Ciclo di sviluppo<\/b><span style=\"font-weight: 400;\">: germinazione \u2192 accestimento \u2192 levata \u2192 fioritura \u2192 maturazione<\/span><\/p>\t\t\t\t\t\t\t\t<\/div>\n\t\t\t\t<\/div>\n\t\t\t\t<\/div>\n\t\t\t\t\t<\/div>\n\t\t\t\t<\/div>\n\t\t<div class=\"elementor-element elementor-element-02f4e05 e-flex e-con-boxed e-con e-parent\" data-id=\"02f4e05\" data-element_type=\"container\" data-e-type=\"container\" data-settings=\"{&quot;background_background&quot;:&quot;classic&quot;}\">\n\t\t\t\t\t<div class=\"e-con-inner\">\n\t\t<div class=\"elementor-element elementor-element-6ac0aed e-con-full e-flex e-con e-child\" data-id=\"6ac0aed\" data-element_type=\"container\" data-e-type=\"container\">\n\t\t\t\t<div class=\"elementor-element elementor-element-5d99826 elementor-widget elementor-widget-heading\" data-id=\"5d99826\" data-element_type=\"widget\" data-e-type=\"widget\" data-widget_type=\"heading.default\">\n\t\t\t\t<div class=\"elementor-widget-container\">\n\t\t\t\t\t<h2 class=\"elementor-heading-title elementor-size-default\"><span style=\"font-weight: 700\">Tecniche colturali tradizionali<\/span><\/h2>\t\t\t\t<\/div>\n\t\t\t\t<\/div>\n\t\t\t\t<div class=\"elementor-element elementor-element-b6844f0 elementor-widget elementor-widget-text-editor\" data-id=\"b6844f0\" data-element_type=\"widget\" data-e-type=\"widget\" data-widget_type=\"text-editor.default\">\n\t\t\t\t<div class=\"elementor-widget-container\">\n\t\t\t\t\t\t\t\t\t<p><span style=\"font-weight: 400;\">Il<\/span><b> frumento marzuolo<\/b><span style=\"font-weight: 400;\"> viene seminato <\/span><b>in primavera o a fine inverno<\/b><span style=\"font-weight: 400;\">, in successione a colture miglioratrici come <\/span><b>leguminose, patata, pomodoro o girasole<\/b><span style=\"font-weight: 400;\">. Le pratiche agronomiche prevedono:<\/span><\/p><p><b>Aratura profonda<\/b><span style=\"font-weight: 400;\"> (30-40 cm) e affinamento con erpici<\/span><span style=\"font-weight: 400;\"><br \/><\/span><\/p><p><b>Semina a file<\/b><span style=\"font-weight: 400;\"> distanti 14-18 cm, con densit\u00e0 di 200-350 semi\/m\u00b2<\/span><span style=\"font-weight: 400;\"><br \/><\/span><\/p><p><b>Concimazione calibrata<\/b><span style=\"font-weight: 400;\">: <\/span><span style=\"font-weight: 400;\">Fosforo (60\u201380 kg\/ha);\u00a0 <\/span><span style=\"font-weight: 400;\">Azoto (60\u2013110 kg\/ha in funzione della fertilit\u00e0); <\/span><span style=\"font-weight: 400;\">Potassio solo se necessario (50\u2013100 unit\u00e0)<\/span><span style=\"font-weight: 400;\"><br \/><\/span><\/p><p><b>Diserbo integrato<\/b><span style=\"font-weight: 400;\">, preferibilmente post-emergenza per ridurre l\u2019uso di prodotti residuali<\/span><span style=\"font-weight: 400;\"><br \/><\/span><\/p><p><b>Irrigazione generalmente non necessaria<\/b><span style=\"font-weight: 400;\">, grazie alla resistenza climatica<\/span><span style=\"font-weight: 400;\"><br \/><\/span><\/p>\t\t\t\t\t\t\t\t<\/div>\n\t\t\t\t<\/div>\n\t\t\t\t<\/div>\n\t\t\t\t\t<\/div>\n\t\t\t\t<\/div>\n\t\t<div class=\"elementor-element elementor-element-13b561d2 e-flex e-con-boxed e-con e-parent\" data-id=\"13b561d2\" data-element_type=\"container\" data-e-type=\"container\" data-settings=\"{&quot;background_background&quot;:&quot;classic&quot;}\">\n\t\t\t\t\t<div class=\"e-con-inner\">\n\t\t<div class=\"elementor-element elementor-element-65cf642f e-con-full e-flex e-con e-child\" data-id=\"65cf642f\" data-element_type=\"container\" data-e-type=\"container\">\n\t\t\t\t<div class=\"elementor-element elementor-element-7aa27cc2 elementor-widget elementor-widget-heading\" data-id=\"7aa27cc2\" data-element_type=\"widget\" data-e-type=\"widget\" data-widget_type=\"heading.default\">\n\t\t\t\t<div class=\"elementor-widget-container\">\n\t\t\t\t\t<h2 class=\"elementor-heading-title elementor-size-default\"><span style=\"font-weight: 700\">Resistenza e adattabilit\u00e0<\/span><\/h2>\t\t\t\t<\/div>\n\t\t\t\t<\/div>\n\t\t\t\t<div class=\"elementor-element elementor-element-7fc86369 elementor-widget elementor-widget-text-editor\" data-id=\"7fc86369\" data-element_type=\"widget\" data-e-type=\"widget\" data-widget_type=\"text-editor.default\">\n\t\t\t\t<div class=\"elementor-widget-container\">\n\t\t\t\t\t\t\t\t\t<p><b>Tollera i freddi invernali<\/b><span style=\"font-weight: 400;\"> e sfrutta la vernalizzazione<\/span><span style=\"font-weight: 400;\"><br \/><\/span><\/p><p><b>Ama il clima caldo e secco durante la maturazione<\/b><span style=\"font-weight: 400;\">, sensibile per\u00f2 all\u2019allettamento in primavera<\/span><span style=\"font-weight: 400;\"><br \/><\/span><\/p><p><b>Non tollera ristagni idrici<\/b><span style=\"font-weight: 400;\">, predilige terreni di medio impasto ben drenati<\/span><span style=\"font-weight: 400;\"><br \/><\/span><\/p><p><b>Rustico e resiliente<\/b><span style=\"font-weight: 400;\">, si adatta a diversi ambienti collinari del Molise<\/span><span style=\"font-weight: 400;\"><br \/><\/span><\/p>\t\t\t\t\t\t\t\t<\/div>\n\t\t\t\t<\/div>\n\t\t\t\t<\/div>\n\t\t\t\t\t<\/div>\n\t\t\t\t<\/div>\n\t\t<div class=\"elementor-element elementor-element-de0e562 e-flex e-con-boxed e-con e-parent\" data-id=\"de0e562\" data-element_type=\"container\" data-e-type=\"container\" data-settings=\"{&quot;background_background&quot;:&quot;classic&quot;}\">\n\t\t\t\t\t<div class=\"e-con-inner\">\n\t\t<div class=\"elementor-element elementor-element-30a3272 e-con-full e-flex e-con e-child\" data-id=\"30a3272\" data-element_type=\"container\" data-e-type=\"container\">\n\t\t\t\t<div class=\"elementor-element elementor-element-499fab4 elementor-widget elementor-widget-heading\" data-id=\"499fab4\" data-element_type=\"widget\" data-e-type=\"widget\" data-widget_type=\"heading.default\">\n\t\t\t\t<div class=\"elementor-widget-container\">\n\t\t\t\t\t<h2 class=\"elementor-heading-title elementor-size-default\"><span style=\"font-weight: 700\">Produzione e valorizzazione<\/span><\/h2>\t\t\t\t<\/div>\n\t\t\t\t<\/div>\n\t\t\t\t<div class=\"elementor-element elementor-element-5b70f24 elementor-widget elementor-widget-text-editor\" data-id=\"5b70f24\" data-element_type=\"widget\" data-e-type=\"widget\" data-widget_type=\"text-editor.default\">\n\t\t\t\t<div class=\"elementor-widget-container\">\n\t\t\t\t\t\t\t\t\t<p><span style=\"font-weight: 400;\">Il <\/span><b>Frumento Duro Marzuolo di Fossalto<\/b><span style=\"font-weight: 400;\"> \u00e8 oggi al centro di un rinnovato interesse per le variet\u00e0 locali e resilienti. Sebbene non sia coltivato su larga scala, rappresenta una <\/span><b>risorsa strategica per l\u2019agricoltura sostenibile<\/b><span style=\"font-weight: 400;\"> e per la produzione di <\/span><b>pasta artigianale di alta qualit\u00e0<\/b><span style=\"font-weight: 400;\">, grazie alla tenacia della sua semola e al profilo nutrizionale ricco di proteine.<\/span><\/p><p><span style=\"font-weight: 400;\">Il suo recupero e valorizzazione si inseriscono perfettamente nella tutela della biodiversit\u00e0 agricola molisana, rappresentando una risposta concreta alla perdita di variet\u00e0 tradizionali e all\u2019omologazione dell\u2019agricoltura moderna.<\/span><\/p>\t\t\t\t\t\t\t\t<\/div>\n\t\t\t\t<\/div>\n\t\t\t\t<\/div>\n\t\t\t\t\t<\/div>\n\t\t\t\t<\/div>\n\t\t<div class=\"elementor-element elementor-element-16041d4b e-flex e-con-boxed e-con e-parent\" data-id=\"16041d4b\" data-element_type=\"container\" data-e-type=\"container\" data-settings=\"{&quot;background_background&quot;:&quot;classic&quot;}\">\n\t\t\t\t\t<div class=\"e-con-inner\">\n\t\t<div class=\"elementor-element elementor-element-7c5b939b e-con-full e-flex e-con e-child\" data-id=\"7c5b939b\" data-element_type=\"container\" data-e-type=\"container\">\n\t\t\t\t<div class=\"elementor-element elementor-element-1db3af06 elementor-widget elementor-widget-heading\" data-id=\"1db3af06\" data-element_type=\"widget\" data-e-type=\"widget\" data-widget_type=\"heading.default\">\n\t\t\t\t<div class=\"elementor-widget-container\">\n\t\t\t\t\t<h2 class=\"elementor-heading-title elementor-size-default\">ALTRI ITINERARI<\/h2>\t\t\t\t<\/div>\n\t\t\t\t<\/div>\n\t\t\t\t<div class=\"elementor-element elementor-element-24ddb1db elementor-widget-divider--view-line elementor-widget elementor-widget-divider\" data-id=\"24ddb1db\" data-element_type=\"widget\" data-e-type=\"widget\" data-widget_type=\"divider.default\">\n\t\t\t\t<div class=\"elementor-widget-container\">\n\t\t\t\t\t\t\t<div class=\"elementor-divider\">\n\t\t\t<span class=\"elementor-divider-separator\">\n\t\t\t\t\t\t<\/span>\n\t\t<\/div>\n\t\t\t\t\t\t<\/div>\n\t\t\t\t<\/div>\n\t\t\t\t<\/div>\n\t\t<div class=\"elementor-element elementor-element-1b066ff0 e-con-full e-flex e-con e-child\" data-id=\"1b066ff0\" data-element_type=\"container\" data-e-type=\"container\">\n\t\t\t\t<div class=\"elementor-element elementor-element-7762744c elementor-widget elementor-widget-image\" data-id=\"7762744c\" data-element_type=\"widget\" data-e-type=\"widget\" data-widget_type=\"image.default\">\n\t\t\t\t<div class=\"elementor-widget-container\">\n\t\t\t\t\t\t\t\t\t\t\t\t\t\t\t<img fetchpriority=\"high\" decoding=\"async\" width=\"800\" height=\"551\" src=\"https:\/\/arsarp.it\/biodiversita\/wp-content\/uploads\/2025\/05\/Copertine-11-min-1024x705.png\" class=\"attachment-large size-large wp-image-464\" alt=\"\" srcset=\"https:\/\/arsarp.it\/biodiversita\/wp-content\/uploads\/2025\/05\/Copertine-11-min-1024x705.png 1024w, https:\/\/arsarp.it\/biodiversita\/wp-content\/uploads\/2025\/05\/Copertine-11-min-300x206.png 300w, https:\/\/arsarp.it\/biodiversita\/wp-content\/uploads\/2025\/05\/Copertine-11-min-768x529.png 768w, https:\/\/arsarp.it\/biodiversita\/wp-content\/uploads\/2025\/05\/Copertine-11-min.png 1514w\" sizes=\"(max-width: 800px) 100vw, 800px\" \/>\t\t\t\t\t\t\t\t\t\t\t\t\t\t\t<\/div>\n\t\t\t\t<\/div>\n\t\t\t\t<div class=\"elementor-element elementor-element-4450b1fb elementor-align-center elementor-widget elementor-widget-button\" data-id=\"4450b1fb\" data-element_type=\"widget\" data-e-type=\"widget\" data-widget_type=\"button.default\">\n\t\t\t\t<div class=\"elementor-widget-container\">\n\t\t\t\t\t\t\t\t\t<div class=\"elementor-button-wrapper\">\n\t\t\t\t\t<a class=\"elementor-button elementor-button-link elementor-size-sm\" href=\"https:\/\/arsarp.it\/biodiversita\/orzo\/\">\n\t\t\t\t\t\t<span class=\"elementor-button-content-wrapper\">\n\t\t\t\t\t\t\t\t\t<span class=\"elementor-button-text\">ORZO DI RIPABOTTONI<\/span>\n\t\t\t\t\t<\/span>\n\t\t\t\t\t<\/a>\n\t\t\t\t<\/div>\n\t\t\t\t\t\t\t\t<\/div>\n\t\t\t\t<\/div>\n\t\t\t\t<\/div>\n\t\t<div class=\"elementor-element elementor-element-7b695d7f e-con-full e-flex e-con e-child\" data-id=\"7b695d7f\" data-element_type=\"container\" data-e-type=\"container\">\n\t\t\t\t<div class=\"elementor-element elementor-element-697199ae elementor-widget elementor-widget-image\" data-id=\"697199ae\" data-element_type=\"widget\" data-e-type=\"widget\" data-widget_type=\"image.default\">\n\t\t\t\t<div class=\"elementor-widget-container\">\n\t\t\t\t\t\t\t\t\t\t\t\t\t\t\t<img decoding=\"async\" width=\"800\" height=\"551\" src=\"https:\/\/arsarp.it\/biodiversita\/wp-content\/uploads\/2025\/05\/Copertine-12-min-1024x705.png\" class=\"attachment-large size-large wp-image-465\" alt=\"\" srcset=\"https:\/\/arsarp.it\/biodiversita\/wp-content\/uploads\/2025\/05\/Copertine-12-min-1024x705.png 1024w, https:\/\/arsarp.it\/biodiversita\/wp-content\/uploads\/2025\/05\/Copertine-12-min-300x206.png 300w, https:\/\/arsarp.it\/biodiversita\/wp-content\/uploads\/2025\/05\/Copertine-12-min-768x529.png 768w, https:\/\/arsarp.it\/biodiversita\/wp-content\/uploads\/2025\/05\/Copertine-12-min.png 1514w\" sizes=\"(max-width: 800px) 100vw, 800px\" \/>\t\t\t\t\t\t\t\t\t\t\t\t\t\t\t<\/div>\n\t\t\t\t<\/div>\n\t\t\t\t<div class=\"elementor-element elementor-element-6123eb93 elementor-align-center elementor-widget elementor-widget-button\" data-id=\"6123eb93\" data-element_type=\"widget\" data-e-type=\"widget\" data-widget_type=\"button.default\">\n\t\t\t\t<div class=\"elementor-widget-container\">\n\t\t\t\t\t\t\t\t\t<div class=\"elementor-button-wrapper\">\n\t\t\t\t\t<a class=\"elementor-button elementor-button-link elementor-size-sm\" href=\"https:\/\/arsarp.it\/biodiversita\/pomodoro\/\">\n\t\t\t\t\t\t<span class=\"elementor-button-content-wrapper\">\n\t\t\t\t\t\t\t\t\t<span class=\"elementor-button-text\">POMODORO DI MONTAGANO<\/span>\n\t\t\t\t\t<\/span>\n\t\t\t\t\t<\/a>\n\t\t\t\t<\/div>\n\t\t\t\t\t\t\t\t<\/div>\n\t\t\t\t<\/div>\n\t\t\t\t<\/div>\n\t\t<div class=\"elementor-element elementor-element-126f079f e-con-full e-flex e-con e-child\" data-id=\"126f079f\" data-element_type=\"container\" data-e-type=\"container\">\n\t\t\t\t<div class=\"elementor-element elementor-element-f2ef49d elementor-widget elementor-widget-image\" data-id=\"f2ef49d\" data-element_type=\"widget\" data-e-type=\"widget\" data-widget_type=\"image.default\">\n\t\t\t\t<div class=\"elementor-widget-container\">\n\t\t\t\t\t\t\t\t\t\t\t\t\t\t\t<img decoding=\"async\" width=\"800\" height=\"551\" src=\"https:\/\/arsarp.it\/biodiversita\/wp-content\/uploads\/2025\/05\/Copertine-13-min-1024x705.png\" class=\"attachment-large size-large wp-image-466\" alt=\"\" srcset=\"https:\/\/arsarp.it\/biodiversita\/wp-content\/uploads\/2025\/05\/Copertine-13-min-1024x705.png 1024w, https:\/\/arsarp.it\/biodiversita\/wp-content\/uploads\/2025\/05\/Copertine-13-min-300x206.png 300w, https:\/\/arsarp.it\/biodiversita\/wp-content\/uploads\/2025\/05\/Copertine-13-min-768x529.png 768w, https:\/\/arsarp.it\/biodiversita\/wp-content\/uploads\/2025\/05\/Copertine-13-min.png 1514w\" sizes=\"(max-width: 800px) 100vw, 800px\" \/>\t\t\t\t\t\t\t\t\t\t\t\t\t\t\t<\/div>\n\t\t\t\t<\/div>\n\t\t\t\t<div class=\"elementor-element elementor-element-b9f312c elementor-align-center elementor-widget elementor-widget-button\" data-id=\"b9f312c\" data-element_type=\"widget\" data-e-type=\"widget\" data-widget_type=\"button.default\">\n\t\t\t\t<div class=\"elementor-widget-container\">\n\t\t\t\t\t\t\t\t\t<div class=\"elementor-button-wrapper\">\n\t\t\t\t\t<a class=\"elementor-button elementor-button-link elementor-size-sm\" href=\"https:\/\/arsarp.it\/biodiversita\/patata\/\">\n\t\t\t\t\t\t<span class=\"elementor-button-content-wrapper\">\n\t\t\t\t\t\t\t\t\t<span class=\"elementor-button-text\">PATATA LUNGA DI SAN BIASE<\/span>\n\t\t\t\t\t<\/span>\n\t\t\t\t\t<\/a>\n\t\t\t\t<\/div>\n\t\t\t\t\t\t\t\t<\/div>\n\t\t\t\t<\/div>\n\t\t\t\t<\/div>\n\t\t\t\t\t<\/div>\n\t\t\t\t<\/div>\n\t\t\t\t<\/div>\n\t\t","protected":false},"excerpt":{"rendered":"<p>Frumento Duro Marzuolo di Fossalto Fossalto Un\u2019antica variet\u00e0 cerealicola che racconta il paesaggio molisano Il Frumento Duro Marzuolo di Fossalto \u00e8 una variet\u00e0 locale di grano duro (Triticum durum Desf.) coltivata tradizionalmente nel territorio di Fossalto, in Molise. Rappresenta un esempio prezioso di cereale microtermo a semina primaverile (da qui il termine \u201cmarzuolo\u201d) che si [&hellip;]<\/p>\n","protected":false},"author":1,"featured_media":0,"parent":0,"menu_order":0,"comment_status":"closed","ping_status":"closed","template":"","meta":{"footnotes":""},"class_list":["post-215","page","type-page","status-publish","hentry"],"_links":{"self":[{"href":"https:\/\/arsarp.it\/biodiversita\/wp-json\/wp\/v2\/pages\/215","targetHints":{"allow":["GET"]}}],"collection":[{"href":"https:\/\/arsarp.it\/biodiversita\/wp-json\/wp\/v2\/pages"}],"about":[{"href":"https:\/\/arsarp.it\/biodiversita\/wp-json\/wp\/v2\/types\/page"}],"author":[{"embeddable":true,"href":"https:\/\/arsarp.it\/biodiversita\/wp-json\/wp\/v2\/users\/1"}],"replies":[{"embeddable":true,"href":"https:\/\/arsarp.it\/biodiversita\/wp-json\/wp\/v2\/comments?post=215"}],"version-history":[{"count":17,"href":"https:\/\/arsarp.it\/biodiversita\/wp-json\/wp\/v2\/pages\/215\/revisions"}],"predecessor-version":[{"id":719,"href":"https:\/\/arsarp.it\/biodiversita\/wp-json\/wp\/v2\/pages\/215\/revisions\/719"}],"wp:attachment":[{"href":"https:\/\/arsarp.it\/biodiversita\/wp-json\/wp\/v2\/media?parent=215"}],"curies":[{"name":"wp","href":"https:\/\/api.w.org\/{rel}","templated":true}]}}