{"id":205,"date":"2025-05-14T09:52:23","date_gmt":"2025-05-14T09:52:23","guid":{"rendered":"https:\/\/arsarp.it\/biodiversita\/?page_id=205"},"modified":"2025-05-20T09:29:41","modified_gmt":"2025-05-20T09:29:41","slug":"fagiolonano","status":"publish","type":"page","link":"https:\/\/arsarp.it\/biodiversita\/fagiolonano\/","title":{"rendered":"Fagiolo Nano di Morrone del Sannio"},"content":{"rendered":"\t\t<div data-elementor-type=\"wp-page\" data-elementor-id=\"205\" class=\"elementor elementor-205\" data-elementor-post-type=\"page\">\n\t\t\t\t<div class=\"elementor-element elementor-element-4d46de88 e-flex e-con-boxed e-con e-parent\" data-id=\"4d46de88\" data-element_type=\"container\" data-e-type=\"container\" data-settings=\"{&quot;background_background&quot;:&quot;classic&quot;}\">\n\t\t\t\t\t<div class=\"e-con-inner\">\n\t\t\t\t\t<\/div>\n\t\t\t\t<\/div>\n\t\t<div class=\"elementor-element elementor-element-5aa8cff1 e-flex e-con-boxed e-con e-parent\" data-id=\"5aa8cff1\" data-element_type=\"container\" data-e-type=\"container\" data-settings=\"{&quot;background_background&quot;:&quot;classic&quot;}\">\n\t\t\t\t\t<div class=\"e-con-inner\">\n\t\t\t\t<div class=\"elementor-element elementor-element-1acbd1e elementor-widget elementor-widget-heading\" data-id=\"1acbd1e\" data-element_type=\"widget\" data-e-type=\"widget\" data-widget_type=\"heading.default\">\n\t\t\t\t<div class=\"elementor-widget-container\">\n\t\t\t\t\t<h2 class=\"elementor-heading-title elementor-size-default\">Fagiolo Nano di Morrone del Sannio<\/h2>\t\t\t\t<\/div>\n\t\t\t\t<\/div>\n\t\t\t\t<div class=\"elementor-element elementor-element-7c61e35f elementor-widget elementor-widget-heading\" data-id=\"7c61e35f\" data-element_type=\"widget\" data-e-type=\"widget\" data-widget_type=\"heading.default\">\n\t\t\t\t<div class=\"elementor-widget-container\">\n\t\t\t\t\t<h2 class=\"elementor-heading-title elementor-size-default\">Morrone del Sannio<\/h2>\t\t\t\t<\/div>\n\t\t\t\t<\/div>\n\t\t\t\t<div class=\"elementor-element elementor-element-6aaac613 elementor-widget-divider--view-line elementor-widget elementor-widget-divider\" data-id=\"6aaac613\" data-element_type=\"widget\" data-e-type=\"widget\" data-widget_type=\"divider.default\">\n\t\t\t\t<div class=\"elementor-widget-container\">\n\t\t\t\t\t\t\t<div class=\"elementor-divider\">\n\t\t\t<span class=\"elementor-divider-separator\">\n\t\t\t\t\t\t<\/span>\n\t\t<\/div>\n\t\t\t\t\t\t<\/div>\n\t\t\t\t<\/div>\n\t\t\t\t\t<\/div>\n\t\t\t\t<\/div>\n\t\t<div class=\"elementor-element elementor-element-5c440335 e-flex e-con-boxed e-con e-parent\" data-id=\"5c440335\" data-element_type=\"container\" data-e-type=\"container\" data-settings=\"{&quot;background_background&quot;:&quot;classic&quot;}\">\n\t\t\t\t\t<div class=\"e-con-inner\">\n\t\t<div class=\"elementor-element elementor-element-4e4db64b e-con-full e-flex e-con e-child\" data-id=\"4e4db64b\" data-element_type=\"container\" data-e-type=\"container\">\n\t\t\t\t<div class=\"elementor-element elementor-element-11253350 elementor-widget elementor-widget-heading\" data-id=\"11253350\" data-element_type=\"widget\" data-e-type=\"widget\" data-widget_type=\"heading.default\">\n\t\t\t\t<div class=\"elementor-widget-container\">\n\t\t\t\t\t<h2 class=\"elementor-heading-title elementor-size-default\"><b>Una perla leguminosa dell\u2019agricoltura tradizionale molisana<\/b><\/h2>\t\t\t\t<\/div>\n\t\t\t\t<\/div>\n\t\t\t\t<div class=\"elementor-element elementor-element-e70d0a6 elementor-widget elementor-widget-text-editor\" data-id=\"e70d0a6\" data-element_type=\"widget\" data-e-type=\"widget\" data-widget_type=\"text-editor.default\">\n\t\t\t\t<div class=\"elementor-widget-container\">\n\t\t\t\t\t\t\t\t\t<p><span style=\"font-weight: 400;\">Il <\/span><b>Fagiolo Nano di Morrone del Sannio<\/b><span style=\"font-weight: 400;\"> \u00e8 una variet\u00e0 autoctona appartenente alla specie <\/span><i><span style=\"font-weight: 400;\">Phaseolus vulgaris L.<\/span><\/i><span style=\"font-weight: 400;\">. Da sempre coltivato nei terreni fertili del Molise, questo legume \u00e8 espressione autentica dell\u2019agricoltura contadina locale. Si distingue per le sue dimensioni ridotte, l\u2019alto contenuto proteico e l\u2019eccellente qualit\u00e0 culinaria, caratteristiche che lo rendono ideale per la gastronomia tradizionale.<\/span><\/p><p><span style=\"font-weight: 400;\">Coltivato in piccoli appezzamenti, secondo metodi naturali e rispettosi dei cicli stagionali, il fagiolo nano rappresenta un tassello importante della biodiversit\u00e0 agricola e una risorsa per l&#8217;economia rurale del territorio.<\/span><\/p>\t\t\t\t\t\t\t\t<\/div>\n\t\t\t\t<\/div>\n\t\t\t\t<\/div>\n\t\t\t\t\t<\/div>\n\t\t\t\t<\/div>\n\t\t<div class=\"elementor-element elementor-element-748ee972 e-flex e-con-boxed e-con e-parent\" data-id=\"748ee972\" data-element_type=\"container\" data-e-type=\"container\" data-settings=\"{&quot;background_background&quot;:&quot;classic&quot;}\">\n\t\t\t\t\t<div class=\"e-con-inner\">\n\t\t<div class=\"elementor-element elementor-element-24ae38a3 e-con-full e-flex e-con e-child\" data-id=\"24ae38a3\" data-element_type=\"container\" data-e-type=\"container\">\n\t\t\t\t<div class=\"elementor-element elementor-element-2db3b2bb elementor-widget elementor-widget-heading\" data-id=\"2db3b2bb\" data-element_type=\"widget\" data-e-type=\"widget\" data-widget_type=\"heading.default\">\n\t\t\t\t<div class=\"elementor-widget-container\">\n\t\t\t\t\t<h2 class=\"elementor-heading-title elementor-size-default\"><span style=\"font-weight: 700\">Caratteristiche uniche<\/span><\/h2>\t\t\t\t<\/div>\n\t\t\t\t<\/div>\n\t\t\t\t<div class=\"elementor-element elementor-element-44a68130 elementor-widget elementor-widget-text-editor\" data-id=\"44a68130\" data-element_type=\"widget\" data-e-type=\"widget\" data-widget_type=\"text-editor.default\">\n\t\t\t\t<div class=\"elementor-widget-container\">\n\t\t\t\t\t\t\t\t\t<p><b>Specie<\/b><span style=\"font-weight: 400;\">: <\/span><i><span style=\"font-weight: 400;\">Phaseolus vulgaris L.<\/span><\/i><span style=\"font-weight: 400;\">, famiglia Fabaceae<\/span><span style=\"font-weight: 400;\"><br \/><\/span><\/p><p><b>Tipo di pianta<\/b><span style=\"font-weight: 400;\">: erbacea, annuale, a sviluppo rapido e portamento cespuglioso (tipo nano)<\/span><\/p><p><b>Radici fittonanti e ramificate<\/b><span style=\"font-weight: 400;\">, con tubercoli azotofissatori del genere <\/span><i><span style=\"font-weight: 400;\">Rhizobium<\/span><\/i><i><\/i><\/p><p><b>Fiori<\/b><span style=\"font-weight: 400;\">: bianchi, riuniti in grappoli da 4 a 6, all\u2019ascella delle foglie<\/span><span style=\"font-weight: 400;\"><br \/><\/span><\/p><p><b>Baccelli<\/b><span style=\"font-weight: 400;\">: leggermente curvi, lunghi circa 7 cm, con curvatura media (grado 3 su 6)<\/span><span style=\"font-weight: 400;\"><br \/><\/span><\/p><p><b>Semi<\/b><span style=\"font-weight: 400;\">: piccoli, bianchi, a forma parallelepipeda leggermente appiattita e ricurva<\/span><span style=\"font-weight: 400;\"><br \/><\/span><\/p><p><b>Contenuto proteico elevato<\/b><span style=\"font-weight: 400;\">: circa <\/span><b>27,3% sulla sostanza verde;\u00a0 <\/b><span style=\"font-weight: 400;\">fino al <\/span><b>30,4% sulla sostanza secca<\/b><b><br \/><\/b><\/p><p><b>Peso di 1000 semi<\/b><span style=\"font-weight: 400;\">: circa 280 g<\/span><span style=\"font-weight: 400;\"><br \/><\/span><\/p><p><b>Peso medio di una pianta<\/b><span style=\"font-weight: 400;\">: circa 108 g<\/span><span style=\"font-weight: 400;\"><br \/><\/span><\/p><p><b>Resa media in granella<\/b><span style=\"font-weight: 400;\">: 1,5 t\/ha<\/span><\/p><p><b>Adattabilit\u00e0<\/b><span style=\"font-weight: 400;\">: coltivabile come coltura principale o intercalare tra frumenti<\/span><span style=\"font-weight: 400;\"><br \/><\/span><\/p><p><b>Sensibile alla salinit\u00e0 e all\u2019eccessiva umidit\u00e0<\/b><span style=\"font-weight: 400;\">, preferisce terreni sciolti, freschi e ben drenati<\/span><\/p><p><b>Ciclo colturale variabile<\/b><span style=\"font-weight: 400;\">: semina da aprile a luglio, raccolta manuale alla disseccazione dei baccelli<\/span><\/p>\t\t\t\t\t\t\t\t<\/div>\n\t\t\t\t<\/div>\n\t\t\t\t<\/div>\n\t\t\t\t\t<\/div>\n\t\t\t\t<\/div>\n\t\t<div class=\"elementor-element elementor-element-798c368a e-flex e-con-boxed e-con e-parent\" data-id=\"798c368a\" data-element_type=\"container\" data-e-type=\"container\" data-settings=\"{&quot;background_background&quot;:&quot;classic&quot;}\">\n\t\t\t\t\t<div class=\"e-con-inner\">\n\t\t<div class=\"elementor-element elementor-element-1e5ef8d7 e-con-full e-flex e-con e-child\" data-id=\"1e5ef8d7\" data-element_type=\"container\" data-e-type=\"container\">\n\t\t\t\t<div class=\"elementor-element elementor-element-eb849cb elementor-widget elementor-widget-heading\" data-id=\"eb849cb\" data-element_type=\"widget\" data-e-type=\"widget\" data-widget_type=\"heading.default\">\n\t\t\t\t<div class=\"elementor-widget-container\">\n\t\t\t\t\t<h2 class=\"elementor-heading-title elementor-size-default\"><span style=\"font-weight: 700\">Tecniche colturali e tutela<\/span><\/h2>\t\t\t\t<\/div>\n\t\t\t\t<\/div>\n\t\t\t\t<div class=\"elementor-element elementor-element-31c88c81 elementor-widget elementor-widget-text-editor\" data-id=\"31c88c81\" data-element_type=\"widget\" data-e-type=\"widget\" data-widget_type=\"text-editor.default\">\n\t\t\t\t<div class=\"elementor-widget-container\">\n\t\t\t\t\t\t\t\t\t<p><span style=\"font-weight: 400;\">Il Fagiolo Nano di Morrone del Sannio si inserisce perfettamente nei sistemi agricoli tradizionali grazie alla sua <\/span><b>breve durata del ciclo vegetativo<\/b><span style=\"font-weight: 400;\">. \u00c8 ideale come <\/span><b>coltura intercalare<\/b><span style=\"font-weight: 400;\">, si semina con facilit\u00e0 e richiede una buona preparazione del terreno per garantire la germinazione.<\/span><\/p><p><span style=\"font-weight: 400;\">La concimazione azotata \u00e8 solitamente evitata grazie alla naturale capacit\u00e0 della pianta di fissare l\u2019azoto atmosferico. Il diserbo pu\u00f2 essere meccanico (sarchiatura) o chimico (in pre-emergenza), mentre l&#8217;irrigazione \u00e8 fondamentale solo in caso di semine ritardate o estati particolarmente secche.<\/span><\/p>\t\t\t\t\t\t\t\t<\/div>\n\t\t\t\t<\/div>\n\t\t\t\t<\/div>\n\t\t\t\t\t<\/div>\n\t\t\t\t<\/div>\n\t\t<div class=\"elementor-element elementor-element-1c93ac9 e-flex e-con-boxed e-con e-parent\" data-id=\"1c93ac9\" data-element_type=\"container\" data-e-type=\"container\" data-settings=\"{&quot;background_background&quot;:&quot;classic&quot;}\">\n\t\t\t\t\t<div class=\"e-con-inner\">\n\t\t<div class=\"elementor-element elementor-element-1133496 e-con-full e-flex e-con e-child\" data-id=\"1133496\" data-element_type=\"container\" data-e-type=\"container\">\n\t\t\t\t<div class=\"elementor-element elementor-element-f046c5f elementor-widget elementor-widget-heading\" data-id=\"f046c5f\" data-element_type=\"widget\" data-e-type=\"widget\" data-widget_type=\"heading.default\">\n\t\t\t\t<div class=\"elementor-widget-container\">\n\t\t\t\t\t<h2 class=\"elementor-heading-title elementor-size-default\"><span style=\"font-weight: 700\">Un legume da conservare e valorizzare<\/span><\/h2>\t\t\t\t<\/div>\n\t\t\t\t<\/div>\n\t\t\t\t<div class=\"elementor-element elementor-element-36e707a elementor-widget elementor-widget-text-editor\" data-id=\"36e707a\" data-element_type=\"widget\" data-e-type=\"widget\" data-widget_type=\"text-editor.default\">\n\t\t\t\t<div class=\"elementor-widget-container\">\n\t\t\t\t\t\t\t\t\t<p><span style=\"font-weight: 400;\">Nonostante la sua adattabilit\u00e0 e il suo valore nutrizionale, questa variet\u00e0 resta ancora poco conosciuta al di fuori dei confini locali. Tuttavia, rappresenta un patrimonio genetico e culturale da tutelare, sia per la qualit\u00e0 alimentare, sia per la sua resilienza e rusticit\u00e0. Il fagiolo nano \u00e8 ottimo per minestre, zuppe e piatti poveri della tradizione molisana, ed \u00e8 particolarmente apprezzato per la <\/span><b>facilit\u00e0 di cottura e la consistenza tenera<\/b><span style=\"font-weight: 400;\">.<\/span><\/p><p><span style=\"font-weight: 400;\">La conservazione in magazzino richiede attenzione, perch\u00e9 i semi sono particolarmente vulnerabili agli attacchi del tonchio (<\/span><i><span style=\"font-weight: 400;\">Acanthoscelides obtectus<\/span><\/i><span style=\"font-weight: 400;\">), per cui \u00e8 necessario adottare pratiche di difesa.<\/span><\/p>\t\t\t\t\t\t\t\t<\/div>\n\t\t\t\t<\/div>\n\t\t\t\t<\/div>\n\t\t\t\t\t<\/div>\n\t\t\t\t<\/div>\n\t\t<div class=\"elementor-element elementor-element-74c9afff e-flex e-con-boxed e-con e-parent\" data-id=\"74c9afff\" data-element_type=\"container\" data-e-type=\"container\" data-settings=\"{&quot;background_background&quot;:&quot;classic&quot;}\">\n\t\t\t\t\t<div class=\"e-con-inner\">\n\t\t<div class=\"elementor-element elementor-element-5f73eed5 e-con-full e-flex e-con e-child\" data-id=\"5f73eed5\" data-element_type=\"container\" data-e-type=\"container\">\n\t\t\t\t<div class=\"elementor-element elementor-element-6517a241 elementor-widget elementor-widget-heading\" data-id=\"6517a241\" data-element_type=\"widget\" data-e-type=\"widget\" data-widget_type=\"heading.default\">\n\t\t\t\t<div class=\"elementor-widget-container\">\n\t\t\t\t\t<h2 class=\"elementor-heading-title elementor-size-default\">ALTRI ITINERARI<\/h2>\t\t\t\t<\/div>\n\t\t\t\t<\/div>\n\t\t\t\t<div class=\"elementor-element elementor-element-687523d4 elementor-widget-divider--view-line elementor-widget elementor-widget-divider\" data-id=\"687523d4\" data-element_type=\"widget\" data-e-type=\"widget\" data-widget_type=\"divider.default\">\n\t\t\t\t<div class=\"elementor-widget-container\">\n\t\t\t\t\t\t\t<div class=\"elementor-divider\">\n\t\t\t<span class=\"elementor-divider-separator\">\n\t\t\t\t\t\t<\/span>\n\t\t<\/div>\n\t\t\t\t\t\t<\/div>\n\t\t\t\t<\/div>\n\t\t\t\t<\/div>\n\t\t<div class=\"elementor-element elementor-element-13c55b8b e-con-full e-flex e-con e-child\" data-id=\"13c55b8b\" data-element_type=\"container\" data-e-type=\"container\">\n\t\t\t\t<div class=\"elementor-element elementor-element-219736ee elementor-widget elementor-widget-image\" data-id=\"219736ee\" data-element_type=\"widget\" data-e-type=\"widget\" data-widget_type=\"image.default\">\n\t\t\t\t<div class=\"elementor-widget-container\">\n\t\t\t\t\t\t\t\t\t\t\t\t\t\t\t<img fetchpriority=\"high\" decoding=\"async\" width=\"800\" height=\"551\" src=\"https:\/\/arsarp.it\/biodiversita\/wp-content\/uploads\/2025\/05\/Homepage_CopertineNuova-1024x705.png\" class=\"attachment-large size-large wp-image-833\" alt=\"\" srcset=\"https:\/\/arsarp.it\/biodiversita\/wp-content\/uploads\/2025\/05\/Homepage_CopertineNuova-1024x705.png 1024w, https:\/\/arsarp.it\/biodiversita\/wp-content\/uploads\/2025\/05\/Homepage_CopertineNuova-300x206.png 300w, https:\/\/arsarp.it\/biodiversita\/wp-content\/uploads\/2025\/05\/Homepage_CopertineNuova-768x529.png 768w, https:\/\/arsarp.it\/biodiversita\/wp-content\/uploads\/2025\/05\/Homepage_CopertineNuova.png 1514w\" sizes=\"(max-width: 800px) 100vw, 800px\" \/>\t\t\t\t\t\t\t\t\t\t\t\t\t\t\t<\/div>\n\t\t\t\t<\/div>\n\t\t\t\t<div class=\"elementor-element elementor-element-4ca78bf4 elementor-align-center elementor-widget elementor-widget-button\" data-id=\"4ca78bf4\" data-element_type=\"widget\" data-e-type=\"widget\" data-widget_type=\"button.default\">\n\t\t\t\t<div class=\"elementor-widget-container\">\n\t\t\t\t\t\t\t\t\t<div class=\"elementor-button-wrapper\">\n\t\t\t\t\t<a class=\"elementor-button elementor-button-link elementor-size-sm\" href=\"https:\/\/arsarp.it\/biodiversita\/fagiolopaolina\/\">\n\t\t\t\t\t\t<span class=\"elementor-button-content-wrapper\">\n\t\t\t\t\t\t\t\t\t<span class=\"elementor-button-text\">FAGIOLO DELLA PAOLINA<\/span>\n\t\t\t\t\t<\/span>\n\t\t\t\t\t<\/a>\n\t\t\t\t<\/div>\n\t\t\t\t\t\t\t\t<\/div>\n\t\t\t\t<\/div>\n\t\t\t\t<\/div>\n\t\t<div class=\"elementor-element elementor-element-2eed15d6 e-con-full e-flex e-con e-child\" data-id=\"2eed15d6\" data-element_type=\"container\" data-e-type=\"container\">\n\t\t\t\t<div class=\"elementor-element elementor-element-32536cdf elementor-widget elementor-widget-image\" data-id=\"32536cdf\" data-element_type=\"widget\" data-e-type=\"widget\" data-widget_type=\"image.default\">\n\t\t\t\t<div class=\"elementor-widget-container\">\n\t\t\t\t\t\t\t\t\t\t\t\t\t\t\t<img decoding=\"async\" width=\"800\" height=\"551\" src=\"https:\/\/arsarp.it\/biodiversita\/wp-content\/uploads\/2025\/05\/Copertine-10-min-1024x705.png\" class=\"attachment-large size-large wp-image-463\" alt=\"\" srcset=\"https:\/\/arsarp.it\/biodiversita\/wp-content\/uploads\/2025\/05\/Copertine-10-min-1024x705.png 1024w, https:\/\/arsarp.it\/biodiversita\/wp-content\/uploads\/2025\/05\/Copertine-10-min-300x206.png 300w, https:\/\/arsarp.it\/biodiversita\/wp-content\/uploads\/2025\/05\/Copertine-10-min-768x529.png 768w, https:\/\/arsarp.it\/biodiversita\/wp-content\/uploads\/2025\/05\/Copertine-10-min.png 1514w\" sizes=\"(max-width: 800px) 100vw, 800px\" \/>\t\t\t\t\t\t\t\t\t\t\t\t\t\t\t<\/div>\n\t\t\t\t<\/div>\n\t\t\t\t<div class=\"elementor-element elementor-element-10321b45 elementor-align-center elementor-widget elementor-widget-button\" data-id=\"10321b45\" data-element_type=\"widget\" data-e-type=\"widget\" data-widget_type=\"button.default\">\n\t\t\t\t<div class=\"elementor-widget-container\">\n\t\t\t\t\t\t\t\t\t<div class=\"elementor-button-wrapper\">\n\t\t\t\t\t<a class=\"elementor-button elementor-button-link elementor-size-sm\" href=\"https:\/\/arsarp.it\/biodiversita\/frumento\/\">\n\t\t\t\t\t\t<span class=\"elementor-button-content-wrapper\">\n\t\t\t\t\t\t\t\t\t<span class=\"elementor-button-text\">FRUMENTO DURO MARZUOLO<\/span>\n\t\t\t\t\t<\/span>\n\t\t\t\t\t<\/a>\n\t\t\t\t<\/div>\n\t\t\t\t\t\t\t\t<\/div>\n\t\t\t\t<\/div>\n\t\t\t\t<\/div>\n\t\t<div class=\"elementor-element elementor-element-26d4bbed e-con-full e-flex e-con e-child\" data-id=\"26d4bbed\" data-element_type=\"container\" data-e-type=\"container\">\n\t\t\t\t<div class=\"elementor-element elementor-element-7ff45e2f elementor-widget elementor-widget-image\" data-id=\"7ff45e2f\" data-element_type=\"widget\" data-e-type=\"widget\" data-widget_type=\"image.default\">\n\t\t\t\t<div class=\"elementor-widget-container\">\n\t\t\t\t\t\t\t\t\t\t\t\t\t\t\t<img decoding=\"async\" width=\"800\" height=\"551\" src=\"https:\/\/arsarp.it\/biodiversita\/wp-content\/uploads\/2025\/05\/Copertine-11-min-1024x705.png\" class=\"attachment-large size-large wp-image-464\" alt=\"\" srcset=\"https:\/\/arsarp.it\/biodiversita\/wp-content\/uploads\/2025\/05\/Copertine-11-min-1024x705.png 1024w, https:\/\/arsarp.it\/biodiversita\/wp-content\/uploads\/2025\/05\/Copertine-11-min-300x206.png 300w, https:\/\/arsarp.it\/biodiversita\/wp-content\/uploads\/2025\/05\/Copertine-11-min-768x529.png 768w, https:\/\/arsarp.it\/biodiversita\/wp-content\/uploads\/2025\/05\/Copertine-11-min.png 1514w\" sizes=\"(max-width: 800px) 100vw, 800px\" \/>\t\t\t\t\t\t\t\t\t\t\t\t\t\t\t<\/div>\n\t\t\t\t<\/div>\n\t\t\t\t<div class=\"elementor-element elementor-element-33cc599d elementor-align-center elementor-widget elementor-widget-button\" data-id=\"33cc599d\" data-element_type=\"widget\" data-e-type=\"widget\" data-widget_type=\"button.default\">\n\t\t\t\t<div class=\"elementor-widget-container\">\n\t\t\t\t\t\t\t\t\t<div class=\"elementor-button-wrapper\">\n\t\t\t\t\t<a class=\"elementor-button elementor-button-link elementor-size-sm\" href=\"https:\/\/arsarp.it\/biodiversita\/orzo\/\">\n\t\t\t\t\t\t<span class=\"elementor-button-content-wrapper\">\n\t\t\t\t\t\t\t\t\t<span class=\"elementor-button-text\">ORZO DI RIPABOTTONI<\/span>\n\t\t\t\t\t<\/span>\n\t\t\t\t\t<\/a>\n\t\t\t\t<\/div>\n\t\t\t\t\t\t\t\t<\/div>\n\t\t\t\t<\/div>\n\t\t\t\t<\/div>\n\t\t\t\t\t<\/div>\n\t\t\t\t<\/div>\n\t\t\t\t<\/div>\n\t\t","protected":false},"excerpt":{"rendered":"<p>Fagiolo Nano di Morrone del Sannio Morrone del Sannio Una perla leguminosa dell\u2019agricoltura tradizionale molisana Il Fagiolo Nano di Morrone del Sannio \u00e8 una variet\u00e0 autoctona appartenente alla specie Phaseolus vulgaris L.. Da sempre coltivato nei terreni fertili del Molise, questo legume \u00e8 espressione autentica dell\u2019agricoltura contadina locale. Si distingue per le sue dimensioni ridotte, [&hellip;]<\/p>\n","protected":false},"author":1,"featured_media":0,"parent":0,"menu_order":0,"comment_status":"closed","ping_status":"closed","template":"","meta":{"footnotes":""},"class_list":["post-205","page","type-page","status-publish","hentry"],"_links":{"self":[{"href":"https:\/\/arsarp.it\/biodiversita\/wp-json\/wp\/v2\/pages\/205","targetHints":{"allow":["GET"]}}],"collection":[{"href":"https:\/\/arsarp.it\/biodiversita\/wp-json\/wp\/v2\/pages"}],"about":[{"href":"https:\/\/arsarp.it\/biodiversita\/wp-json\/wp\/v2\/types\/page"}],"author":[{"embeddable":true,"href":"https:\/\/arsarp.it\/biodiversita\/wp-json\/wp\/v2\/users\/1"}],"replies":[{"embeddable":true,"href":"https:\/\/arsarp.it\/biodiversita\/wp-json\/wp\/v2\/comments?post=205"}],"version-history":[{"count":23,"href":"https:\/\/arsarp.it\/biodiversita\/wp-json\/wp\/v2\/pages\/205\/revisions"}],"predecessor-version":[{"id":868,"href":"https:\/\/arsarp.it\/biodiversita\/wp-json\/wp\/v2\/pages\/205\/revisions\/868"}],"wp:attachment":[{"href":"https:\/\/arsarp.it\/biodiversita\/wp-json\/wp\/v2\/media?parent=205"}],"curies":[{"name":"wp","href":"https:\/\/api.w.org\/{rel}","templated":true}]}}