{"id":200,"date":"2025-05-14T09:51:45","date_gmt":"2025-05-14T09:51:45","guid":{"rendered":"https:\/\/arsarp.it\/biodiversita\/?page_id=200"},"modified":"2025-05-20T09:29:20","modified_gmt":"2025-05-20T09:29:20","slug":"cecenero","status":"publish","type":"page","link":"https:\/\/arsarp.it\/biodiversita\/cecenero\/","title":{"rendered":"Cece Nero"},"content":{"rendered":"\t\t<div data-elementor-type=\"wp-page\" data-elementor-id=\"200\" class=\"elementor elementor-200\" data-elementor-post-type=\"page\">\n\t\t\t\t<div class=\"elementor-element elementor-element-1764d676 e-flex e-con-boxed e-con e-parent\" data-id=\"1764d676\" data-element_type=\"container\" data-e-type=\"container\" data-settings=\"{&quot;background_background&quot;:&quot;classic&quot;}\">\n\t\t\t\t\t<div class=\"e-con-inner\">\n\t\t\t\t\t<\/div>\n\t\t\t\t<\/div>\n\t\t<div class=\"elementor-element elementor-element-2e1deb98 e-flex e-con-boxed e-con e-parent\" data-id=\"2e1deb98\" data-element_type=\"container\" data-e-type=\"container\" data-settings=\"{&quot;background_background&quot;:&quot;classic&quot;}\">\n\t\t\t\t\t<div class=\"e-con-inner\">\n\t\t\t\t<div class=\"elementor-element elementor-element-30e21cae elementor-widget elementor-widget-heading\" data-id=\"30e21cae\" data-element_type=\"widget\" data-e-type=\"widget\" data-widget_type=\"heading.default\">\n\t\t\t\t<div class=\"elementor-widget-container\">\n\t\t\t\t\t<h2 class=\"elementor-heading-title elementor-size-default\">Cece Nero<\/h2>\t\t\t\t<\/div>\n\t\t\t\t<\/div>\n\t\t\t\t<div class=\"elementor-element elementor-element-58c72b3c elementor-widget elementor-widget-heading\" data-id=\"58c72b3c\" data-element_type=\"widget\" data-e-type=\"widget\" data-widget_type=\"heading.default\">\n\t\t\t\t<div class=\"elementor-widget-container\">\n\t\t\t\t\t<h2 class=\"elementor-heading-title elementor-size-default\">Cercemaggiore<\/h2>\t\t\t\t<\/div>\n\t\t\t\t<\/div>\n\t\t\t\t<div class=\"elementor-element elementor-element-107127ba elementor-widget-divider--view-line elementor-widget elementor-widget-divider\" data-id=\"107127ba\" data-element_type=\"widget\" data-e-type=\"widget\" data-widget_type=\"divider.default\">\n\t\t\t\t<div class=\"elementor-widget-container\">\n\t\t\t\t\t\t\t<div class=\"elementor-divider\">\n\t\t\t<span class=\"elementor-divider-separator\">\n\t\t\t\t\t\t<\/span>\n\t\t<\/div>\n\t\t\t\t\t\t<\/div>\n\t\t\t\t<\/div>\n\t\t\t\t\t<\/div>\n\t\t\t\t<\/div>\n\t\t<div class=\"elementor-element elementor-element-42cc3d4a e-flex e-con-boxed e-con e-parent\" data-id=\"42cc3d4a\" data-element_type=\"container\" data-e-type=\"container\" data-settings=\"{&quot;background_background&quot;:&quot;classic&quot;}\">\n\t\t\t\t\t<div class=\"e-con-inner\">\n\t\t<div class=\"elementor-element elementor-element-422dc6c9 e-con-full e-flex e-con e-child\" data-id=\"422dc6c9\" data-element_type=\"container\" data-e-type=\"container\">\n\t\t\t\t<div class=\"elementor-element elementor-element-3398f043 elementor-widget elementor-widget-heading\" data-id=\"3398f043\" data-element_type=\"widget\" data-e-type=\"widget\" data-widget_type=\"heading.default\">\n\t\t\t\t<div class=\"elementor-widget-container\">\n\t\t\t\t\t<h2 class=\"elementor-heading-title elementor-size-default\"><b>Un\u2019antica variet\u00e0 resistente e preziosa per la biodiversit\u00e0 agricola\n<\/b><\/h2>\t\t\t\t<\/div>\n\t\t\t\t<\/div>\n\t\t\t\t<div class=\"elementor-element elementor-element-5edc245a elementor-widget elementor-widget-text-editor\" data-id=\"5edc245a\" data-element_type=\"widget\" data-e-type=\"widget\" data-widget_type=\"text-editor.default\">\n\t\t\t\t<div class=\"elementor-widget-container\">\n\t\t\t\t\t\t\t\t\t<p><span style=\"font-weight: 400;\">Il <\/span><b>cece nero<\/b><span style=\"font-weight: 400;\"> \u00e8 una variet\u00e0 rustica e affascinante appartenente alla <\/span><b>specie <\/b><b><i>Cicer arietinum L.<\/i><\/b><b>,<\/b><span style=\"font-weight: 400;\"> oggi considerata una delle leguminose pi\u00f9 importanti a livello mondiale. Originario dell\u2019Asia occidentale, si \u00e8 diffuso nei secoli in <\/span><i><span style=\"font-weight: 400;\">Europa, Africa, India e America,<\/span><\/i><span style=\"font-weight: 400;\"> assumendo caratteristiche peculiari a seconda del territorio. In Italia \u00e8 oggi coltivato su superfici limitate, specialmente al Sud, dove continua a essere apprezzato per le sue <\/span><b>qualit\u00e0 nutrizionali <\/b><span style=\"font-weight: 400;\">e la sua adattabilit\u00e0 a condizioni ambientali difficili.<\/span><\/p>\t\t\t\t\t\t\t\t<\/div>\n\t\t\t\t<\/div>\n\t\t\t\t<\/div>\n\t\t\t\t\t<\/div>\n\t\t\t\t<\/div>\n\t\t<div class=\"elementor-element elementor-element-3a505882 e-flex e-con-boxed e-con e-parent\" data-id=\"3a505882\" data-element_type=\"container\" data-e-type=\"container\" data-settings=\"{&quot;background_background&quot;:&quot;classic&quot;}\">\n\t\t\t\t\t<div class=\"e-con-inner\">\n\t\t<div class=\"elementor-element elementor-element-5c600125 e-con-full e-flex e-con e-child\" data-id=\"5c600125\" data-element_type=\"container\" data-e-type=\"container\">\n\t\t\t\t<div class=\"elementor-element elementor-element-65c724a7 elementor-widget elementor-widget-heading\" data-id=\"65c724a7\" data-element_type=\"widget\" data-e-type=\"widget\" data-widget_type=\"heading.default\">\n\t\t\t\t<div class=\"elementor-widget-container\">\n\t\t\t\t\t<h2 class=\"elementor-heading-title elementor-size-default\"><span style=\"font-weight: 700\">Caratteristiche uniche<\/span><\/h2>\t\t\t\t<\/div>\n\t\t\t\t<\/div>\n\t\t\t\t<div class=\"elementor-element elementor-element-70c89510 elementor-widget elementor-widget-text-editor\" data-id=\"70c89510\" data-element_type=\"widget\" data-e-type=\"widget\" data-widget_type=\"text-editor.default\">\n\t\t\t\t<div class=\"elementor-widget-container\">\n\t\t\t\t\t\t\t\t\t<p><b>Specie<\/b><span style=\"font-weight: 400;\">: <\/span><i><span style=\"font-weight: 400;\">Cicer arietinum L.<\/span><\/i><span style=\"font-weight: 400;\">, appartenente alla famiglia delle Fabaceae<\/span><span style=\"font-weight: 400;\"><br \/><\/span><\/p><p><b>Seme<\/b><span style=\"font-weight: 400;\">: rugoso, spigoloso e di colore nero, molto diverso dal classico cece giallastro<\/span><span style=\"font-weight: 400;\"><br \/><\/span><\/p><p><b>Elevato contenuto proteico<\/b><span style=\"font-weight: 400;\">: circa <\/span><b>22,1% nella sostanza fresca<\/b><span style=\"font-weight: 400;\">, fino al <\/span><b>25% in quella secca<\/b><b><br \/><\/b><\/p><p><b>Peso medio<\/b><span style=\"font-weight: 400;\"> di 1000 semi: circa <\/span><b>216 grammi<\/b><b><br \/><\/b><\/p><p><b>Resistenza alla siccit\u00e0<\/b><span style=\"font-weight: 400;\">: grazie alla radice profonda (fino a 1 metro) e ai tubercoli radicali azoto-fissatori<\/span><span style=\"font-weight: 400;\"><br \/><\/span><\/p><p><b>Foglie imparipennate<\/b><span style=\"font-weight: 400;\"> e fiori autogami (generalmente bianchi) che si sviluppano a partire dai nodi inferiori<\/span><span style=\"font-weight: 400;\"><br \/><\/span><\/p><p><b>Pubescenza diffusa<\/b><span style=\"font-weight: 400;\"> su tutta la pianta, con peli ghiandolari che secernono acidi organici<\/span><span style=\"font-weight: 400;\"><br \/><\/span><\/p><p><b>Adattabilit\u00e0 a terreni poveri e caldi<\/b><span style=\"font-weight: 400;\">, ma non sopporta suoli umidi o troppo fertili<\/span><span style=\"font-weight: 400;\"><br \/><\/span><\/p><p><b>Sviluppo indeterminato<\/b><span style=\"font-weight: 400;\">: fioritura scalare e prolungata per settimane<\/span><span style=\"font-weight: 400;\"><br \/><\/span><\/p><p><b>Pianta rustica<\/b><span style=\"font-weight: 400;\">, con <\/span><b>ottima tolleranza al caldo-arido<\/b><span style=\"font-weight: 400;\"> e scarsa alle basse temperature<\/span><span style=\"font-weight: 400;\"><br \/><\/span><\/p><p><b>Impiego principale<\/b><span style=\"font-weight: 400;\">: alimentazione zootecnica, ma anche <\/span><b>utilizzabile per consumo umano<\/b><\/p>\t\t\t\t\t\t\t\t<\/div>\n\t\t\t\t<\/div>\n\t\t\t\t<\/div>\n\t\t\t\t\t<\/div>\n\t\t\t\t<\/div>\n\t\t<div class=\"elementor-element elementor-element-3a2bce53 e-flex e-con-boxed e-con e-parent\" data-id=\"3a2bce53\" data-element_type=\"container\" data-e-type=\"container\" data-settings=\"{&quot;background_background&quot;:&quot;classic&quot;}\">\n\t\t\t\t\t<div class=\"e-con-inner\">\n\t\t<div class=\"elementor-element elementor-element-6278377e e-con-full e-flex e-con e-child\" data-id=\"6278377e\" data-element_type=\"container\" data-e-type=\"container\">\n\t\t\t\t<div class=\"elementor-element elementor-element-3f6bce2a elementor-widget elementor-widget-heading\" data-id=\"3f6bce2a\" data-element_type=\"widget\" data-e-type=\"widget\" data-widget_type=\"heading.default\">\n\t\t\t\t<div class=\"elementor-widget-container\">\n\t\t\t\t\t<h2 class=\"elementor-heading-title elementor-size-default\"><span style=\"font-weight: 700\">Tecnica colturale e raccolta<\/span><\/h2>\t\t\t\t<\/div>\n\t\t\t\t<\/div>\n\t\t\t\t<div class=\"elementor-element elementor-element-3031c950 elementor-widget elementor-widget-text-editor\" data-id=\"3031c950\" data-element_type=\"widget\" data-e-type=\"widget\" data-widget_type=\"text-editor.default\">\n\t\t\t\t<div class=\"elementor-widget-container\">\n\t\t\t\t\t\t\t\t\t<p><span style=\"font-weight: 400;\">Il cece nero si adatta bene alla <\/span><b>rotazione con cereali autunno-vernini<\/b><span style=\"font-weight: 400;\"> (frumento, orzo) e si semina a fine inverno, in file distanti 30-40 cm, con una densit\u00e0 di 30-50 piante\/m\u00b2. La <\/span><b>concimazione<\/b><span style=\"font-weight: 400;\"> \u00e8 focalizzata su fosforo e potassio, mentre l\u2019azoto viene fornito per lo pi\u00f9 tramite nodulazione naturale. La pianta non richiede molte cure colturali, se non un eventuale diserbo pre-emergenza e, in zone molto aride, un\u2019irrigazione di soccorso.<\/span><\/p><p><span style=\"font-weight: 400;\">La <\/span><b>raccolta<\/b><span style=\"font-weight: 400;\"> avviene manualmente o con mietitrebbiatrici, a seconda delle condizioni. Il peso secco medio per pianta \u00e8 di circa 71 g, con rese medie di 1,9 t\/ha.<\/span><\/p>\t\t\t\t\t\t\t\t<\/div>\n\t\t\t\t<\/div>\n\t\t\t\t<\/div>\n\t\t\t\t\t<\/div>\n\t\t\t\t<\/div>\n\t\t<div class=\"elementor-element elementor-element-2cd6b97 e-flex e-con-boxed e-con e-parent\" data-id=\"2cd6b97\" data-element_type=\"container\" data-e-type=\"container\" data-settings=\"{&quot;background_background&quot;:&quot;classic&quot;}\">\n\t\t\t\t\t<div class=\"e-con-inner\">\n\t\t<div class=\"elementor-element elementor-element-1c2d0fc e-con-full e-flex e-con e-child\" data-id=\"1c2d0fc\" data-element_type=\"container\" data-e-type=\"container\">\n\t\t\t\t<div class=\"elementor-element elementor-element-b75d650 elementor-widget elementor-widget-heading\" data-id=\"b75d650\" data-element_type=\"widget\" data-e-type=\"widget\" data-widget_type=\"heading.default\">\n\t\t\t\t<div class=\"elementor-widget-container\">\n\t\t\t\t\t<h2 class=\"elementor-heading-title elementor-size-default\"><span style=\"font-weight: 700\">Un legume da riscoprire<\/span><\/h2>\t\t\t\t<\/div>\n\t\t\t\t<\/div>\n\t\t\t\t<div class=\"elementor-element elementor-element-43fc21d elementor-widget elementor-widget-text-editor\" data-id=\"43fc21d\" data-element_type=\"widget\" data-e-type=\"widget\" data-widget_type=\"text-editor.default\">\n\t\t\t\t<div class=\"elementor-widget-container\">\n\t\t\t\t\t\t\t\t\t<p><span style=\"font-weight: 400;\">Il cece nero \u00e8 un <\/span><b>esempio virtuoso di biodiversit\u00e0 agricola<\/b><span style=\"font-weight: 400;\">, grazie alla sua adattabilit\u00e0 e al basso impatto ambientale. Non solo arricchisce il suolo grazie alla fissazione dell\u2019azoto, ma contribuisce a mantenere vive le tradizioni colturali e alimentari locali. In cucina, pu\u00f2 essere impiegato in zuppe, pur\u00e8 e ricette contadine, offrendo un sapore intenso e un alto valore nutrizionale.<\/span><\/p>\t\t\t\t\t\t\t\t<\/div>\n\t\t\t\t<\/div>\n\t\t\t\t<\/div>\n\t\t\t\t\t<\/div>\n\t\t\t\t<\/div>\n\t\t<div class=\"elementor-element elementor-element-4dcc287c e-flex e-con-boxed e-con e-parent\" data-id=\"4dcc287c\" data-element_type=\"container\" data-e-type=\"container\" data-settings=\"{&quot;background_background&quot;:&quot;classic&quot;}\">\n\t\t\t\t\t<div class=\"e-con-inner\">\n\t\t<div class=\"elementor-element elementor-element-292a588e e-con-full e-flex e-con e-child\" data-id=\"292a588e\" data-element_type=\"container\" data-e-type=\"container\">\n\t\t\t\t<div class=\"elementor-element elementor-element-13da4529 elementor-widget elementor-widget-heading\" data-id=\"13da4529\" data-element_type=\"widget\" data-e-type=\"widget\" data-widget_type=\"heading.default\">\n\t\t\t\t<div class=\"elementor-widget-container\">\n\t\t\t\t\t<h2 class=\"elementor-heading-title elementor-size-default\">ALTRI ITINERARI<\/h2>\t\t\t\t<\/div>\n\t\t\t\t<\/div>\n\t\t\t\t<div class=\"elementor-element elementor-element-588c6c11 elementor-widget-divider--view-line elementor-widget elementor-widget-divider\" data-id=\"588c6c11\" data-element_type=\"widget\" data-e-type=\"widget\" data-widget_type=\"divider.default\">\n\t\t\t\t<div class=\"elementor-widget-container\">\n\t\t\t\t\t\t\t<div class=\"elementor-divider\">\n\t\t\t<span class=\"elementor-divider-separator\">\n\t\t\t\t\t\t<\/span>\n\t\t<\/div>\n\t\t\t\t\t\t<\/div>\n\t\t\t\t<\/div>\n\t\t\t\t<\/div>\n\t\t<div class=\"elementor-element elementor-element-30f6713b e-con-full e-flex e-con e-child\" data-id=\"30f6713b\" data-element_type=\"container\" data-e-type=\"container\">\n\t\t\t\t<div class=\"elementor-element elementor-element-28a3646a elementor-widget elementor-widget-image\" data-id=\"28a3646a\" data-element_type=\"widget\" data-e-type=\"widget\" data-widget_type=\"image.default\">\n\t\t\t\t<div class=\"elementor-widget-container\">\n\t\t\t\t\t\t\t\t\t\t\t\t\t\t\t<img fetchpriority=\"high\" decoding=\"async\" width=\"800\" height=\"551\" src=\"https:\/\/arsarp.it\/biodiversita\/wp-content\/uploads\/2025\/05\/Copertine-08-min-1024x705.png\" class=\"attachment-large size-large wp-image-461\" alt=\"\" srcset=\"https:\/\/arsarp.it\/biodiversita\/wp-content\/uploads\/2025\/05\/Copertine-08-min-1024x705.png 1024w, https:\/\/arsarp.it\/biodiversita\/wp-content\/uploads\/2025\/05\/Copertine-08-min-300x206.png 300w, https:\/\/arsarp.it\/biodiversita\/wp-content\/uploads\/2025\/05\/Copertine-08-min-768x529.png 768w, https:\/\/arsarp.it\/biodiversita\/wp-content\/uploads\/2025\/05\/Copertine-08-min.png 1514w\" sizes=\"(max-width: 800px) 100vw, 800px\" \/>\t\t\t\t\t\t\t\t\t\t\t\t\t\t\t<\/div>\n\t\t\t\t<\/div>\n\t\t\t\t<div class=\"elementor-element elementor-element-7b415621 elementor-align-center elementor-widget elementor-widget-button\" data-id=\"7b415621\" data-element_type=\"widget\" data-e-type=\"widget\" data-widget_type=\"button.default\">\n\t\t\t\t<div class=\"elementor-widget-container\">\n\t\t\t\t\t\t\t\t\t<div class=\"elementor-button-wrapper\">\n\t\t\t\t\t<a class=\"elementor-button elementor-button-link elementor-size-sm\" href=\"https:\/\/arsarp.it\/biodiversita\/fagiolonano\/\">\n\t\t\t\t\t\t<span class=\"elementor-button-content-wrapper\">\n\t\t\t\t\t\t\t\t\t<span class=\"elementor-button-text\">FAGIOLO NANO<\/span>\n\t\t\t\t\t<\/span>\n\t\t\t\t\t<\/a>\n\t\t\t\t<\/div>\n\t\t\t\t\t\t\t\t<\/div>\n\t\t\t\t<\/div>\n\t\t\t\t<\/div>\n\t\t<div class=\"elementor-element elementor-element-781165ee e-con-full e-flex e-con e-child\" data-id=\"781165ee\" data-element_type=\"container\" data-e-type=\"container\">\n\t\t\t\t<div class=\"elementor-element elementor-element-5cde6a51 elementor-widget elementor-widget-image\" data-id=\"5cde6a51\" data-element_type=\"widget\" data-e-type=\"widget\" data-widget_type=\"image.default\">\n\t\t\t\t<div class=\"elementor-widget-container\">\n\t\t\t\t\t\t\t\t\t\t\t\t\t\t\t<img decoding=\"async\" width=\"800\" height=\"551\" src=\"https:\/\/arsarp.it\/biodiversita\/wp-content\/uploads\/2025\/05\/Homepage_CopertineNuova-1-1024x705.png\" class=\"attachment-large size-large wp-image-852\" alt=\"\" srcset=\"https:\/\/arsarp.it\/biodiversita\/wp-content\/uploads\/2025\/05\/Homepage_CopertineNuova-1-1024x705.png 1024w, https:\/\/arsarp.it\/biodiversita\/wp-content\/uploads\/2025\/05\/Homepage_CopertineNuova-1-300x206.png 300w, https:\/\/arsarp.it\/biodiversita\/wp-content\/uploads\/2025\/05\/Homepage_CopertineNuova-1-768x529.png 768w, https:\/\/arsarp.it\/biodiversita\/wp-content\/uploads\/2025\/05\/Homepage_CopertineNuova-1.png 1514w\" sizes=\"(max-width: 800px) 100vw, 800px\" \/>\t\t\t\t\t\t\t\t\t\t\t\t\t\t\t<\/div>\n\t\t\t\t<\/div>\n\t\t\t\t<div class=\"elementor-element elementor-element-b2a8d56 elementor-align-center elementor-widget elementor-widget-button\" data-id=\"b2a8d56\" data-element_type=\"widget\" data-e-type=\"widget\" data-widget_type=\"button.default\">\n\t\t\t\t<div class=\"elementor-widget-container\">\n\t\t\t\t\t\t\t\t\t<div class=\"elementor-button-wrapper\">\n\t\t\t\t\t<a class=\"elementor-button elementor-button-link elementor-size-sm\" href=\"https:\/\/arsarp.it\/biodiversita\/fagiolopaolina\/\">\n\t\t\t\t\t\t<span class=\"elementor-button-content-wrapper\">\n\t\t\t\t\t\t\t\t\t<span class=\"elementor-button-text\">FAGIOLO DELLA PAOLINA<\/span>\n\t\t\t\t\t<\/span>\n\t\t\t\t\t<\/a>\n\t\t\t\t<\/div>\n\t\t\t\t\t\t\t\t<\/div>\n\t\t\t\t<\/div>\n\t\t\t\t<\/div>\n\t\t<div class=\"elementor-element elementor-element-4ab549ad e-con-full e-flex e-con e-child\" data-id=\"4ab549ad\" data-element_type=\"container\" data-e-type=\"container\">\n\t\t\t\t<div class=\"elementor-element elementor-element-6e8930bb elementor-widget elementor-widget-image\" data-id=\"6e8930bb\" data-element_type=\"widget\" data-e-type=\"widget\" data-widget_type=\"image.default\">\n\t\t\t\t<div class=\"elementor-widget-container\">\n\t\t\t\t\t\t\t\t\t\t\t\t\t\t\t<img decoding=\"async\" width=\"800\" height=\"551\" src=\"https:\/\/arsarp.it\/biodiversita\/wp-content\/uploads\/2025\/05\/Copertine-10-min-1024x705.png\" class=\"attachment-large size-large wp-image-463\" alt=\"\" srcset=\"https:\/\/arsarp.it\/biodiversita\/wp-content\/uploads\/2025\/05\/Copertine-10-min-1024x705.png 1024w, https:\/\/arsarp.it\/biodiversita\/wp-content\/uploads\/2025\/05\/Copertine-10-min-300x206.png 300w, https:\/\/arsarp.it\/biodiversita\/wp-content\/uploads\/2025\/05\/Copertine-10-min-768x529.png 768w, https:\/\/arsarp.it\/biodiversita\/wp-content\/uploads\/2025\/05\/Copertine-10-min.png 1514w\" sizes=\"(max-width: 800px) 100vw, 800px\" \/>\t\t\t\t\t\t\t\t\t\t\t\t\t\t\t<\/div>\n\t\t\t\t<\/div>\n\t\t\t\t<div class=\"elementor-element elementor-element-388f3350 elementor-align-center elementor-widget elementor-widget-button\" data-id=\"388f3350\" data-element_type=\"widget\" data-e-type=\"widget\" data-widget_type=\"button.default\">\n\t\t\t\t<div class=\"elementor-widget-container\">\n\t\t\t\t\t\t\t\t\t<div class=\"elementor-button-wrapper\">\n\t\t\t\t\t<a class=\"elementor-button elementor-button-link elementor-size-sm\" href=\"https:\/\/arsarp.it\/biodiversita\/frumento\/\">\n\t\t\t\t\t\t<span class=\"elementor-button-content-wrapper\">\n\t\t\t\t\t\t\t\t\t<span class=\"elementor-button-text\">FRUMENTO DURO MARZUOLO<\/span>\n\t\t\t\t\t<\/span>\n\t\t\t\t\t<\/a>\n\t\t\t\t<\/div>\n\t\t\t\t\t\t\t\t<\/div>\n\t\t\t\t<\/div>\n\t\t\t\t<\/div>\n\t\t\t\t\t<\/div>\n\t\t\t\t<\/div>\n\t\t\t\t<\/div>\n\t\t","protected":false},"excerpt":{"rendered":"<p>Cece Nero Cercemaggiore Un\u2019antica variet\u00e0 resistente e preziosa per la biodiversit\u00e0 agricola Il cece nero \u00e8 una variet\u00e0 rustica e affascinante appartenente alla specie Cicer arietinum L., oggi considerata una delle leguminose pi\u00f9 importanti a livello mondiale. Originario dell\u2019Asia occidentale, si \u00e8 diffuso nei secoli in Europa, Africa, India e America, assumendo caratteristiche peculiari a [&hellip;]<\/p>\n","protected":false},"author":1,"featured_media":0,"parent":0,"menu_order":0,"comment_status":"closed","ping_status":"closed","template":"","meta":{"footnotes":""},"class_list":["post-200","page","type-page","status-publish","hentry"],"_links":{"self":[{"href":"https:\/\/arsarp.it\/biodiversita\/wp-json\/wp\/v2\/pages\/200","targetHints":{"allow":["GET"]}}],"collection":[{"href":"https:\/\/arsarp.it\/biodiversita\/wp-json\/wp\/v2\/pages"}],"about":[{"href":"https:\/\/arsarp.it\/biodiversita\/wp-json\/wp\/v2\/types\/page"}],"author":[{"embeddable":true,"href":"https:\/\/arsarp.it\/biodiversita\/wp-json\/wp\/v2\/users\/1"}],"replies":[{"embeddable":true,"href":"https:\/\/arsarp.it\/biodiversita\/wp-json\/wp\/v2\/comments?post=200"}],"version-history":[{"count":26,"href":"https:\/\/arsarp.it\/biodiversita\/wp-json\/wp\/v2\/pages\/200\/revisions"}],"predecessor-version":[{"id":865,"href":"https:\/\/arsarp.it\/biodiversita\/wp-json\/wp\/v2\/pages\/200\/revisions\/865"}],"wp:attachment":[{"href":"https:\/\/arsarp.it\/biodiversita\/wp-json\/wp\/v2\/media?parent=200"}],"curies":[{"name":"wp","href":"https:\/\/api.w.org\/{rel}","templated":true}]}}